{"id":993,"date":"2020-10-30T14:21:15","date_gmt":"2020-10-30T14:21:15","guid":{"rendered":"https:\/\/www.friedenspsychologie.de\/?page_id=993"},"modified":"2025-09-22T17:08:09","modified_gmt":"2025-09-22T17:08:09","slug":"mentoring-programm","status":"publish","type":"page","link":"https:\/\/www.friedenspsychologie.de\/?page_id=993","title":{"rendered":"Mentoring Programm"},"content":{"rendered":"\r\n<div class=\"wp-block-image\">\r\n<figure class=\"alignleft size-large is-resized\"><img loading=\"lazy\" class=\"wp-image-926\" src=\"https:\/\/www.friedenspsychologie.de\/wp-content\/uploads\/2020\/02\/Mentor_FFP-1024x1024.png\" alt=\"\" width=\"173\" height=\"173\" srcset=\"https:\/\/www.friedenspsychologie.de\/wp-content\/uploads\/2020\/02\/Mentor_FFP-1024x1024.png 1024w, https:\/\/www.friedenspsychologie.de\/wp-content\/uploads\/2020\/02\/Mentor_FFP-150x150.png 150w, https:\/\/www.friedenspsychologie.de\/wp-content\/uploads\/2020\/02\/Mentor_FFP-300x300.png 300w, https:\/\/www.friedenspsychologie.de\/wp-content\/uploads\/2020\/02\/Mentor_FFP-768x768.png 768w, https:\/\/www.friedenspsychologie.de\/wp-content\/uploads\/2020\/02\/Mentor_FFP.png 1280w\" sizes=\"(max-width: 173px) 100vw, 173px\" \/><\/figure>\r\n<\/div>\r\n\r\n\r\n\r\n<p><strong>F\u00fcr Mentor*innen: <\/strong><\/p>\r\n\r\n\r\n\r\n<p>Trotz des steigenden Bekanntheitsgrades von Friedenspsychologie, ist die Verankerung im wissenschaftlichen System und der \u00dcberblick \u00fcber T\u00e4tigkeitsfelder im Bereich Friedenspsychologie f\u00fcr den Nachwuchs noch ausbauf\u00e4hig.\u00a0Aus diesem Grund m\u00f6chten wir ein Mentoring etablieren, bei dem sich Personen bereit erkl\u00e4ren einen oder mehrere Mentees zu beraten, weitere friedenspsychologische Kompetenzen zu erwerben.\u00a0<br \/><br \/>Ein*e Mentor*in muss dabei nicht der\/dem Mentee in der Karriere vorangeschritten sein, es kann auch eine Beratung aufgrund einer spezifischen Kompetenz sein, in der sich die\/der Mentee weiterbilden m\u00f6chte.\u00a0<br \/><br \/>Die Mentor*in-Mentee-Verbindung wird dabei von uns initiiert und wird auf ein Jahr eingegangen, die dann eigenst\u00e4ndig auf Wunsch weitergef\u00fchrt werden kann. Dabei raten wir, mind. zwei Mal in diesem Jahr die M\u00f6glichkeit zu einem ausf\u00fchrlichen Austausch zu bieten. Die Inhalte des Austausches sollten dabei vertraulich behandelt werden.<\/p>\r\n\r\n\r\n\r\n<p><strong>Ziele<\/strong><\/p>\r\n\r\n\r\n\r\n<ol>\r\n<li><strong>Erweiterung des eigenen Netzwerks<\/strong> \u2013 im akademischen und nicht-akademischen Bereich Friedenspsychologie\u00a0z.B. durch das Bekanntmachen der Mentees mit Mitarbeiter*innen, Kooperationspartner*innen, Kolleg*innen auf Tagungen oder in der Arbeitsgruppe der Mentor*innen<\/li>\r\n<li><strong>Unterst\u00fctzung in der Karriereplanung<\/strong> z. B. durch Beratung bei Karriereentscheidungen, Hinweise auf offene Stellen innerhalb und au\u00dferhalb von akademischen Institutionen, Ratschl\u00e4ge zur Bewerbung<\/li>\r\n<\/ol>\r\n\r\n\r\n\r\n<p>Wir suchen somit Personen, die sich bereit erkl\u00e4ren als Mentor*innen fungieren zu wollen. Falls Sie Interesse haben, melden Sie sich bei Katharina K\u00fcper (<a href=\"mailto:k.kueper@posteo.de\">k.kueper@posteo.de<\/a>) mit dem Hinweis, wie viele Mentees Sie annehmen w\u00fcrden.\u00a0<\/p>\r\n\r\n\r\n\r\n<div class=\"wp-block-image\">\r\n<figure class=\"alignleft size-large is-resized\"><img loading=\"lazy\" class=\"wp-image-926\" src=\"https:\/\/www.friedenspsychologie.de\/wp-content\/uploads\/2020\/02\/Mentor_FFP-1024x1024.png\" alt=\"\" width=\"132\" height=\"132\" srcset=\"https:\/\/www.friedenspsychologie.de\/wp-content\/uploads\/2020\/02\/Mentor_FFP-1024x1024.png 1024w, https:\/\/www.friedenspsychologie.de\/wp-content\/uploads\/2020\/02\/Mentor_FFP-150x150.png 150w, https:\/\/www.friedenspsychologie.de\/wp-content\/uploads\/2020\/02\/Mentor_FFP-300x300.png 300w, https:\/\/www.friedenspsychologie.de\/wp-content\/uploads\/2020\/02\/Mentor_FFP-768x768.png 768w, https:\/\/www.friedenspsychologie.de\/wp-content\/uploads\/2020\/02\/Mentor_FFP.png 1280w\" sizes=\"(max-width: 132px) 100vw, 132px\" \/><\/figure>\r\n<\/div>\r\n\r\n\r\n\r\n<p><strong>F\u00fcr Mentees:<\/strong><\/p>\r\n\r\n\r\n\r\n<p>Falls du Interesse hast, mit eine*r Mentor*in in Austausch zu treten, dann schreibe eine kurze, aussagekr\u00e4ftige Bewerbung inkl. Lebenslauf und Motivation (max. 1 Seite mit Erwartungen und\u00a0 Zielen des Mentorings), per Mail an Katharina K\u00fcper (<a href=\"mailto:k.kueper@posteo.de\">k.kueper@posteo.de<\/a>). Wenn aktuelle Mentoringkapazit\u00e4ten bestehen, werden wir den Kontakt mit einer Mentor*in herstellen.<\/p>\r\n\r\n\r\n\r\n<p><strong>Gegenw\u00e4rtige Mentor*innen:<\/strong><\/p>\r\n\r\n\r\n\r\n<ul>\r\n<li><a title=\"https:\/\/www.uni-marburg.de\/de\/fb04\/team-cohrs\/team\/ulrich-wagner\" href=\"https:\/\/www.uni-marburg.de\/de\/fb04\/team-cohrs\/team\/ulrich-wagner\" target=\"_blank\" rel=\"noreferrer noopener\">Prof. Dr. Ulrich Wagner<\/a><\/li>\r\n<li><a title=\"https:\/\/www.uni-muenster.de\/PsyIFP\/AEBinnewies\/personen\/harnack.shtml\" href=\"https:\/\/www.uni-muenster.de\/PsyIFP\/AEBinnewies\/personen\/harnack.shtml\" target=\"_blank\" rel=\"noreferrer noopener\">Dr. Klaus Harnack<\/a><\/li>\r\n<li><a title=\"https:\/\/de.linkedin.com\/in\/monika-lauer-perez-98895b39\" href=\"https:\/\/de.linkedin.com\/in\/monika-lauer-perez-98895b39\" target=\"_blank\" rel=\"noreferrer noopener\">Monika Lauer Perez<\/a><\/li>\r\n<li><a href=\"https:\/\/www.nadine-knab.com\/\">Dr. Nadine Knab<\/a><\/li>\r\n<li><a title=\"https:\/\/www.gpv.psy.unibe.ch\/ueber_uns\/personen\/m_sc_tomberge_vica\/index_ger.html\" href=\"https:\/\/www.gpv.psy.unibe.ch\/ueber_uns\/personen\/m_sc_tomberge_vica\/index_ger.html\">Vica Tomberge<\/a><\/li>\r\n<li><a title=\"https:\/\/www.jacobs-university.de\/directory\/kboehnke\" href=\"https:\/\/www.jacobs-university.de\/directory\/kboehnke\" target=\"_blank\" rel=\"noreferrer noopener\">Prof. Dr. Klaus Boenke<\/a><\/li>\r\n<li>Charlotte Hamm\u00a0<br \/>Fokus: Psychologische Faktoren in Friedensverhandlungen. Forschung und Praxis.<\/li>\r\n<li>Sarah Koch<br \/>Fokus: Entwicklungszusammenarbeit, Geschlechtergleichstellung, Frieden und Menschenrechte<\/li>\r\n<li>Judith B\u00e4\u00dfler<br \/>Fokus: Entwicklungszusammenarbeit, Friedensf\u00f6rderung und MHPSS (Mental Health and Psychosocial Support)<\/li>\r\n<li>Nicole Rieber\u00a0<br \/>Fokus: (digitale) Friedensbildung, Falsch- und Desinformation, Hate Speech und Verschw\u00f6rungserz\u00e4hlungen<\/li>\r\n<\/ul>\r\n\r\n\r\n\r\n<p><strong>Zur Teilnahme ist eine Mitgliedschaft im FFP erforderlich<\/strong> \u2013 diese kann beim Start des Mentorings jedoch beantragt werden \u00ad\u2013 <a title=\"https:\/\/www.friedenspsychologie.de\/forum-friedenspsychologie-e-v\/mitglied-werden\/\" href=\"https:\/\/www.friedenspsychologie.de\/forum-friedenspsychologie-e-v\/mitglied-werden\/\" target=\"_blank\" rel=\"noreferrer noopener\">Infos hier<\/a><\/p>\r\n\r\n\r\n\r\n<p>&nbsp;<\/p>\r\n\r\n\r\n\r\n<p>&nbsp;<\/p>\r\n","protected":false},"excerpt":{"rendered":"<p>F\u00fcr Mentor*innen: Trotz des steigenden Bekanntheitsgrades von Friedenspsychologie, ist die Verankerung im wissenschaftlichen System und der \u00dcberblick \u00fcber T\u00e4tigkeitsfelder im Bereich Friedenspsychologie f\u00fcr den Nachwuchs&hellip;<\/p>\n","protected":false},"author":5,"featured_media":0,"parent":0,"menu_order":0,"comment_status":"closed","ping_status":"closed","template":"","meta":[],"_links":{"self":[{"href":"https:\/\/www.friedenspsychologie.de\/index.php?rest_route=\/wp\/v2\/pages\/993"}],"collection":[{"href":"https:\/\/www.friedenspsychologie.de\/index.php?rest_route=\/wp\/v2\/pages"}],"about":[{"href":"https:\/\/www.friedenspsychologie.de\/index.php?rest_route=\/wp\/v2\/types\/page"}],"author":[{"embeddable":true,"href":"https:\/\/www.friedenspsychologie.de\/index.php?rest_route=\/wp\/v2\/users\/5"}],"replies":[{"embeddable":true,"href":"https:\/\/www.friedenspsychologie.de\/index.php?rest_route=%2Fwp%2Fv2%2Fcomments&post=993"}],"version-history":[{"count":17,"href":"https:\/\/www.friedenspsychologie.de\/index.php?rest_route=\/wp\/v2\/pages\/993\/revisions"}],"predecessor-version":[{"id":1580,"href":"https:\/\/www.friedenspsychologie.de\/index.php?rest_route=\/wp\/v2\/pages\/993\/revisions\/1580"}],"wp:attachment":[{"href":"https:\/\/www.friedenspsychologie.de\/index.php?rest_route=%2Fwp%2Fv2%2Fmedia&parent=993"}],"curies":[{"name":"wp","href":"https:\/\/api.w.org\/{rel}","templated":true}]}}