{"id":92,"date":"2017-04-26T09:41:39","date_gmt":"2017-04-26T09:41:39","guid":{"rendered":"http:\/\/www.friedenspsychologie.de\/?page_id=92"},"modified":"2018-06-18T12:15:13","modified_gmt":"2018-06-18T12:15:13","slug":"praktika","status":"publish","type":"page","link":"https:\/\/www.friedenspsychologie.de\/?page_id=92","title":{"rendered":"Praktikumsm\u00f6glichkeiten"},"content":{"rendered":"<h3>Praktikumsm\u00f6glichkeiten und Ressourcen zur beruflichen Entwicklung<\/h3>\n<p>Hier finden Psychologiestudierende, die auf der Suche nach einer Praktikumsstelle im Bereich der Friedenspsychologie sind, einige M\u00f6glichkeiten. In der Regel ist f\u00fcr die Anerkennung des Praktikums im Rahmen des Studiums eine Betreuung durch einen Diplom-Psychologen bzw. eine Diplom-Psychologin erforderlich. Da in vielen der angegebenen Organisationen keine Diplom-Psycholog(inn)en t\u00e4tig sind, kann das Forum Friedenspsychologie in diesen F\u00e4llen evtl. einen externen Betreuer bzw. eine externe Betreuerin vermitteln. Wenden Sie sich dazu bitte an <a href=\"mailto:forum@friedenspsychologie.de\">forum@friedenspsychologie.de<\/a>.<\/p>\n<p>Wenn Sie selbst einen Praktikumsplatz anbieten k\u00f6nnen und noch nicht in unseren Listen verzeichnet sind, nehmen Sie bitte mit uns Kontakt auf!<\/p>\n<p><b><a href=\"http:\/\/www.friedenspsychologie.de\/wp-content\/uploads\/2017\/05\/FFP_Praktika.pdf\" target=\"_blank\" rel=\"noopener noreferrer\">\u00dcbersicht \u00fcber Praktikumsm\u00f6glichkeiten f\u00fcr Psychologiestudierende (f\u00fcr deutschsprachige Praktika)<\/a><\/b> \u2013 zusammengestellt vom Forum Friedenspsychologie, aktualisiert: Februar 2011<\/p>\n<p><b><a href=\"http:\/\/www.friedenspsychologie.de\/wp-content\/uploads\/2017\/05\/Internships_PeacePsych.pdf\" target=\"_blank\" rel=\"noopener noreferrer\">\u00dcbersicht \u00fcber Praktikumsm\u00f6glichkeiten f\u00fcr Psychologiestudierende (f\u00fcr englischsprachige Praktika)<\/a><\/b> \u2013 zusammengestellt vom Forum Friedenspsychologie, aktualisiert: Februar 2011<\/p>\n<p><b><a href=\"http:\/\/www.friedenspsychologie.de\/wp-content\/uploads\/2017\/05\/Winkler_Praktika.pdf\" target=\"_blank\" rel=\"noopener noreferrer\">\u00dcbersicht \u00fcber Praktikumsm\u00f6glichkeiten f\u00fcr Psychologiestudierende in deutschen und internationalen Organisationen<\/a><\/b> \u2013 aus dem Blockseminar \u201e(Friedens-)Psychologie im Internationalen Kontext: Traumatherapie, Internationale Zusammenarbeit, psychosozialer Wiederaufbau nach Konflikten und die Arbeit mit Opfern von Menschenrechtsverletzungen in Deutschland\u201c von Nina Winkler, Universit\u00e4t M\u00fcnster, 8.\/9.2.2008<\/p>\n<p><b><a href=\"http:\/\/bit.ly\/KenPopeVolunteeringResources\" target=\"_blank\" rel=\"noopener noreferrer\">Resources for Psychologists and Others To Volunteer Professional Services<\/a><\/b> \u2013 Webseite von Dr. Ken Pope<\/p>\n<p><b><a href=\"http:\/\/www.goeco.org\/\" target=\"_blank\" rel=\"noopener noreferrer\">GoEco: Volunteer Opportunities for Ecological and Humanitarian Projects<\/a><\/b> \u2013 Kommerzieller Vermittler von Praktikumspl\u00e4tzen in verschiedenen Weltregionen<\/p>\n<p><b><a href=\"http:\/\/api.ning.com\/files\/37XpWCWc3b5PQoMoIJgj3adR6n8VAKgctDxihXgFWaQ=\" target=\"_blank\" rel=\"noopener noreferrer\">Skills, Networks &amp; Knowledge: Developing a Career in International Peace and Conflict Resolution<\/a><\/b> \u2013 ein Bericht der Alliance for Conflict Transformation<\/p>\n<p><b><a href=\"http:\/\/kroc.nd.edu\/alumni\/career-resources\" target=\"_blank\" rel=\"noopener noreferrer\">Kroc Institute for International Peace Studies<\/a><\/b> \u2013 weitere Ressourcen zu Praktikums- und Berufsm\u00f6glichkeiten in den Bereichen Friedensforschung, Konfliktbearbeitung, Menschenrechte und Entwicklung<\/p>\n<p><b><a href=\"http:\/\/www.internationalpeaceandconflict.org\/profiles\/blog\/show?id=780588%3ABlogPost%3A2206&amp;xgs=1&amp;xg_source=msg_share_post\" target=\"_blank\" rel=\"noopener noreferrer\">Guide to careers in the conflict resolution field<\/a><\/b> \u2013 vom Peace and Collaborative Development Network<\/p>\n<p><b><a href=\"http:\/\/www.internationalpeaceandconflict.org\/profiles\/blog\/show?id=780588%3ABlogPost%3A40159&amp;xgs=1&amp;xg_source=msg_share_post\" target=\"_blank\" rel=\"noopener noreferrer\">Suggestions and resources for finding internships<\/a><\/b> \u2013 vom Peace and Collaborative Development Network<\/p>\n<p><b><a href=\"http:\/\/www.usip.org\/resources\/graduate-education-and-professional-practice-in-international-peace-and-conflict\" target=\"_blank\" rel=\"noopener noreferrer\">Bericht zu <i>Graduate Education and Professional Practice in International Peace and Conflict<\/i><\/a><\/b> \u2013 vom United States Institute of Peace<\/p>\n<p><b><a href=\"http:\/\/www.apa.org\/international\/pi\/508un.html\" target=\"_blank\" rel=\"noopener noreferrer\">How Can Students Become Involved in U.N. Work?<\/a><\/b> \u2013 aus <i>Psychology International, 19<\/i> (2), Mai 2008<\/p>\n<p>Sollten Sie \u00fcber diese \u00dcbersichten einen Praktikumsplatz gefunden haben, freuen wir uns \u00fcber eine Nachricht an <a href=\"mailto:forum@friedenspsychologie.de\">forum@friedenspsychologie.de<\/a>.<\/p>\n","protected":false},"excerpt":{"rendered":"<p>Praktikumsm\u00f6glichkeiten und Ressourcen zur beruflichen Entwicklung Hier finden Psychologiestudierende, die auf der Suche nach einer Praktikumsstelle im Bereich der Friedenspsychologie sind, einige M\u00f6glichkeiten. In der&hellip;<\/p>\n","protected":false},"author":1,"featured_media":0,"parent":59,"menu_order":1,"comment_status":"closed","ping_status":"closed","template":"","meta":[],"_links":{"self":[{"href":"https:\/\/www.friedenspsychologie.de\/index.php?rest_route=\/wp\/v2\/pages\/92"}],"collection":[{"href":"https:\/\/www.friedenspsychologie.de\/index.php?rest_route=\/wp\/v2\/pages"}],"about":[{"href":"https:\/\/www.friedenspsychologie.de\/index.php?rest_route=\/wp\/v2\/types\/page"}],"author":[{"embeddable":true,"href":"https:\/\/www.friedenspsychologie.de\/index.php?rest_route=\/wp\/v2\/users\/1"}],"replies":[{"embeddable":true,"href":"https:\/\/www.friedenspsychologie.de\/index.php?rest_route=%2Fwp%2Fv2%2Fcomments&post=92"}],"version-history":[{"count":1,"href":"https:\/\/www.friedenspsychologie.de\/index.php?rest_route=\/wp\/v2\/pages\/92\/revisions"}],"predecessor-version":[{"id":551,"href":"https:\/\/www.friedenspsychologie.de\/index.php?rest_route=\/wp\/v2\/pages\/92\/revisions\/551"}],"up":[{"embeddable":true,"href":"https:\/\/www.friedenspsychologie.de\/index.php?rest_route=\/wp\/v2\/pages\/59"}],"wp:attachment":[{"href":"https:\/\/www.friedenspsychologie.de\/index.php?rest_route=%2Fwp%2Fv2%2Fmedia&parent=92"}],"curies":[{"name":"wp","href":"https:\/\/api.w.org\/{rel}","templated":true}]}}