{"id":88,"date":"2017-04-26T09:41:01","date_gmt":"2017-04-26T09:41:01","guid":{"rendered":"http:\/\/www.friedenspsychologie.de\/?page_id=88"},"modified":"2019-07-02T19:56:25","modified_gmt":"2019-07-02T19:56:25","slug":"links-zur-friedenspsychologie","status":"publish","type":"page","link":"https:\/\/www.friedenspsychologie.de\/?page_id=88","title":{"rendered":"Links zur Friedenspsychologie"},"content":{"rendered":"<p>Hier finden Sie einige ausgew\u00e4hlte, thematisch relevante Links. Bitte geben Sie uns bescheid, wenn etwas Wichtiges fehlt oder Sie Tipps zur Erg\u00e4nzung haben! Danke!<\/p>\n<h3>Friedenspsychologische Forschung und Lehre in Deutschland<\/h3>\n<p><a href=\"http:\/\/www.afk-web.de\/afk-home\/infos-zu-studiengaengen.html\">Informationen zum Studium der Friedens- und Konfliktforschung in Deutschland (zusammengestellt von der Arbeisgemeinschaft f\u00fcr Friedens- und Konfliktforschung)<\/a><\/p>\n<p><a href=\"http:\/\/www.uni-bielefeld.de\/ikg\/\">Institut f\u00fcr interdisziplin\u00e4re Konflikt und Gewaltforschung, Universit\u00e4t <strong>Bielefeld<\/strong><\/a><\/p>\n<p><a href=\"https:\/\/www.jacobs-university.de\/directory\/kboehnke\">School of Humanities and Social Sciences, Jacobs University <strong>Bremen<\/strong> (Prof. Dr. Klaus Boehnke)<\/a><\/p>\n<p><a href=\"http:\/\/www.ifkw.uni-jena.de\/\">Kommunikationspsychologie, Friedrich-Schiller-Universit\u00e4t <strong>Jena<\/strong> (Prof. Dr. Wolfgang Frindte)<\/a><\/p>\n<p><a href=\"http:\/\/www.sozialpsychologie.uni-jena.de\/\">Sozialpsychologie, Friedrich-Schiller-Universit\u00e4t <strong>Jena<\/strong> (Prof. Dr. Thomas Kessler)<\/a><\/p>\n<p><a href=\"http:\/\/www.pfkn.regener-online.de\/\" target=\"_blank\" rel=\"noopener noreferrer\">Projektgruppe Friedensforschung <strong>Konstanz\u00a0@ Berlin<\/strong> (Prof. Dr. Wilhelm Kempf)<\/a><\/p>\n<p><a href=\"http:\/\/www.uni-leipzig.de\/~sozpsy\/html\/de\/fritscheimmo.html\">Sozialpsychologie, Universit\u00e4t <strong>Leipzig<\/strong> (Prof. Dr. Immo Fritsche)<\/a><\/p>\n<p><a href=\"http:\/\/www.uni-marburg.de\/fb04\/team-sozialpsychologie\/index_html-en?set_language=en\">Sozialpsychologie, Phillips-Universit\u00e4t <strong>Marburg<\/strong> (Prof. Dr. Ulrich Wagner)<\/a><\/p>\n<p><a href=\"http:\/\/www.uni-marburg.de\/konfliktforschung?language_sync=1\">Zentrum f\u00fcr Konfliktforschung, Philipps-Universit\u00e4t <strong>Marburg<\/strong><\/a><\/p>\n<p><a href=\"http:\/\/www.afk-web.de\/\">Arbeitsgemeinschaft f\u00fcr Friedens- und Konfliktforschung<\/a><\/p>\n<p><a href=\"http:\/\/www.ifgk.de\/\">Institut f\u00fcr Friedensarbeit und gewaltfreie Konfliktaustragung<\/a><\/p>\n<p><a href=\"https:\/\/www.uni-muenster.de\/PsyIFP\/AEBinnewies\/personen\/harnack.shtml\" target=\"_blank\" rel=\"noopener\">WOP <strong>M\u00fcnster<\/strong> &#8211; Mediation, Konfliktmanagement, Verhandlung und Kollektive Entscheidungsfindung (Dr. Klaus Harnack)<\/a><\/p>\n<h3>Friedenspsychologische Zeitschriften<\/h3>\n<p><a href=\"http:\/\/www.cco.regener-online.de\/\">Conflict and communication online<\/a><\/p>\n<p><a href=\"http:\/\/www.informaworld.com\/smpp\/title~content=t775653690~db=all\">Peace and Conflict: Journal of Peace Psychology<\/a><\/p>\n<p><a href=\"http:\/\/www.trinstitute.org\/ojpcr\/about.htm\">Online Journal of Peace and Conflict Resolution<\/a><\/p>\n<p><a href=\"http:\/\/www.iwif.de\/\">Wissenschaft und Frieden<\/a><\/p>\n<h3>Friedenspsychologische Organisationen international<\/h3>\n<p><a href=\"http:\/\/www.inpsysr.org\/\">International Network of Psychologists for Social Responsibility (INPsySR)<\/a><\/p>\n<p><a href=\"http:\/\/www.webster.edu\/peacepsychology\/\">Society for the Study of Peace, Conflict, and Violence \u2013 Peace Psychology Division (Division 48) of the American Psychological Association<\/a><\/p>\n<p><a href=\"http:\/\/www.psysr.org\/\">Psychologists for Social Responsibility<\/a><\/p>\n<p><a href=\"http:\/\/www.psykologiensosiaalinenvastuu.fi\/main\/index.php?lang=FI&amp;p=English\">Finnish Psychologists for Social Responsibility<\/a><\/p>\n<p><a href=\"http:\/\/www.groups.psychology.org.au\/pfp\/\">Australian Psychologists for Peace<\/a><\/p>\n<p><a href=\"http:\/\/www.sispa.it\/\">Italian Society of Psycho-Social Science for Peace<\/a><\/p>\n<p><a href=\"http:\/\/www.humiliationstudies.org\/index.php\">Human Dignity and Humiliation Studies<\/a><\/p>\n<p><a href=\"http:\/\/www.hhri.org\/\">Health and Human Rights Info<\/a><\/p>\n<p><a href=\"http:\/\/www.hrea.org\/\">Human Rights Education Associates<\/a><\/p>\n<p><a href=\"http:\/\/www.gppac.net\/\">Global Partnership for the Prevention of Armed Conflict<\/a><\/p>\n<p><a href=\"http:\/\/www.ethicalpsychology.org\/\">Coalition for an Ethical Psychology<\/a><\/p>\n<h3>Organisationen Psychologie und Gesellschaft<\/h3>\n<p><a href=\"http:\/\/www.umweltpsychologie.de\/php\/index.php\">Umweltpsychologie<\/a><\/p>\n<p><a href=\"http:\/\/www.politische-psychologie.de\/index.html\">Politische Psychologie<\/a><\/p>\n<p><a href=\"http:\/\/www.kritische-psychologie.de\/\">Kritische Psychologie<\/a><\/p>\n<p><a href=\"http:\/\/www.zivilcouragetrainer.de\/home.html\">Trainernetzwerk Zivilcourage e.V.<\/a><\/p>\n<h3>Gender und Friedensforschung<\/h3>\n<p><a href=\"http:\/\/www.un-instraw.org\/en\/index.html\">United Nations International Research and Training Institute for the Advancement of Women<\/a><\/p>\n<p><a href=\"http:\/\/www.glow-boell.de\/\">Global Center for Women\u2019s Politics<\/a><\/p>\n<p><a href=\"http:\/\/www.psysr.org\/report%20draft%20web%20version.htm#F3_308\">Friedenspsychologie und Gender \u2013 Tagungsbericht<\/a><\/p>\n<h3>Empfehlenswerte Linksammlungen<\/h3>\n<p><a href=\"http:\/\/www.socialpsychology.org\/peace.htm\">Social Psychology Network: Peace Psychology Links<\/a><\/p>\n<p><a href=\"http:\/\/www.berghof-center.org\/std_page.php?LANG=d&amp;id=27\">Berghof Forschungszentrum f\u00fcr konstruktive Konfliktbearbeitung<\/a><\/p>\n<p><a href=\"http:\/\/www.hiik.de\/links\/index.html.de\">Heidelberger Institut f\u00fcr Internationale Konfliktforschung<\/a><\/p>\n<p><a href=\"http:\/\/www.priub.org\/index_dt.html\">Arbeitsstelle Friedensforschung Bonn\/Peace Research Information Unit Bonn<\/a> mit einer Datenbank zur friedenswissenschaftlichen Lehre<\/p>\n","protected":false},"excerpt":{"rendered":"<p>Hier finden Sie einige ausgew\u00e4hlte, thematisch relevante Links. Bitte geben Sie uns bescheid, wenn etwas Wichtiges fehlt oder Sie Tipps zur Erg\u00e4nzung haben! Danke! Friedenspsychologische&hellip;<\/p>\n","protected":false},"author":1,"featured_media":0,"parent":58,"menu_order":2,"comment_status":"closed","ping_status":"closed","template":"","meta":[],"_links":{"self":[{"href":"https:\/\/www.friedenspsychologie.de\/index.php?rest_route=\/wp\/v2\/pages\/88"}],"collection":[{"href":"https:\/\/www.friedenspsychologie.de\/index.php?rest_route=\/wp\/v2\/pages"}],"about":[{"href":"https:\/\/www.friedenspsychologie.de\/index.php?rest_route=\/wp\/v2\/types\/page"}],"author":[{"embeddable":true,"href":"https:\/\/www.friedenspsychologie.de\/index.php?rest_route=\/wp\/v2\/users\/1"}],"replies":[{"embeddable":true,"href":"https:\/\/www.friedenspsychologie.de\/index.php?rest_route=%2Fwp%2Fv2%2Fcomments&post=88"}],"version-history":[{"count":4,"href":"https:\/\/www.friedenspsychologie.de\/index.php?rest_route=\/wp\/v2\/pages\/88\/revisions"}],"predecessor-version":[{"id":841,"href":"https:\/\/www.friedenspsychologie.de\/index.php?rest_route=\/wp\/v2\/pages\/88\/revisions\/841"}],"up":[{"embeddable":true,"href":"https:\/\/www.friedenspsychologie.de\/index.php?rest_route=\/wp\/v2\/pages\/58"}],"wp:attachment":[{"href":"https:\/\/www.friedenspsychologie.de\/index.php?rest_route=%2Fwp%2Fv2%2Fmedia&parent=88"}],"curies":[{"name":"wp","href":"https:\/\/api.w.org\/{rel}","templated":true}]}}