{"id":84,"date":"2017-04-26T09:37:27","date_gmt":"2017-04-26T09:37:27","guid":{"rendered":"http:\/\/www.friedenspsychologie.de\/?page_id=84"},"modified":"2024-11-21T14:10:58","modified_gmt":"2024-11-21T14:10:58","slug":"mitglied-werden","status":"publish","type":"page","link":"https:\/\/www.friedenspsychologie.de\/?page_id=84","title":{"rendered":"Mitglied werden"},"content":{"rendered":"<p>Um Mitglied im Forum Friedenspsychologie e. V. zu werden, einfach folgendes Formular ausf\u00fcllen:<\/p>\r\n<p><a title=\"Hier geht es zum Formular\" href=\"https:\/\/forms.gle\/bu1gkdfLgYbZ7xfD6\" target=\"_blank\" rel=\"noopener noreferrer\">Hier geht es zum Formular<\/a><\/p>\r\n<p>Bei Fragen bez\u00fcglich der Mitgliederbeitr\u00e4ge wenden Sie sich gerne an:<\/p>\r\n<div data-canvas-width=\"142.55532960784316\">\r\n<div class=\"\">Alexander Corlath<\/div>\r\n<div>Gumpendorferstra\u00dfe 9,<\/div>\r\n<div>1060 Wien<\/div>\r\n<div><a href=\"mailto:alexandercorlath@gmail.com\">alexandercorlath@gmail.com<\/a><\/div>\r\n<\/div>\r\n<div>\u00a0<\/div>\r\n<div>Allgemeine Fragen zur Mitgliedschaft und Adress\u00e4nderungen k\u00f6nnen Sie an Myriam Doppke \u00fcber die E-Mail Adresse friedenspsychologieffp[at]gmail.com richten.<\/div>\r\n<div data-canvas-width=\"142.55532960784316\">\r\n<p>&nbsp;<\/p>\r\n<p><strong>Beitr\u00e4ge:<\/strong><\/p>\r\n<\/div>\r\n<div data-canvas-width=\"142.55532960784316\">\r\n<ul>\r\n<li data-canvas-width=\"46.71956215686274\">Studierende und Arbeitslose mindestens 20,-\u20ac\/Jahr,<\/li>\r\n<li data-canvas-width=\"46.71956215686274\">Teilzeitbesch\u00e4ftigte mindestens 30,-\u20ac\/Jahr<\/li>\r\n<li data-canvas-width=\"46.71956215686274\">Vollbesch\u00e4ftigte mindestens 60,-\u20ac\/Jahr<\/li>\r\n<li data-canvas-width=\"46.71956215686274\">F\u00f6rdermitglieder mindestens 100,-\u20ac\/Jahr<\/li>\r\n<\/ul>\r\n<\/div>\r\n<p>Bitte lesen Sie sich im Vorhinein die geltenden Datenschutzbestimmungen der Webseite friedenspsychologie.de durch.<\/p>\r\n<p>Diese finden Sie <a href=\"https:\/\/www.friedenspsychologie.de\/?page_id=61\">hier<\/a>.<\/p>\r\n\r\n<p>&nbsp;<\/p>\r\n","protected":false},"excerpt":{"rendered":"<p>Um Mitglied im Forum Friedenspsychologie e. V. zu werden, einfach folgendes Formular ausf\u00fcllen: Hier geht es zum Formular Bei Fragen bez\u00fcglich der Mitgliederbeitr\u00e4ge wenden Sie&hellip;<\/p>\n","protected":false},"author":1,"featured_media":0,"parent":57,"menu_order":4,"comment_status":"closed","ping_status":"closed","template":"","meta":[],"_links":{"self":[{"href":"https:\/\/www.friedenspsychologie.de\/index.php?rest_route=\/wp\/v2\/pages\/84"}],"collection":[{"href":"https:\/\/www.friedenspsychologie.de\/index.php?rest_route=\/wp\/v2\/pages"}],"about":[{"href":"https:\/\/www.friedenspsychologie.de\/index.php?rest_route=\/wp\/v2\/types\/page"}],"author":[{"embeddable":true,"href":"https:\/\/www.friedenspsychologie.de\/index.php?rest_route=\/wp\/v2\/users\/1"}],"replies":[{"embeddable":true,"href":"https:\/\/www.friedenspsychologie.de\/index.php?rest_route=%2Fwp%2Fv2%2Fcomments&post=84"}],"version-history":[{"count":24,"href":"https:\/\/www.friedenspsychologie.de\/index.php?rest_route=\/wp\/v2\/pages\/84\/revisions"}],"predecessor-version":[{"id":1465,"href":"https:\/\/www.friedenspsychologie.de\/index.php?rest_route=\/wp\/v2\/pages\/84\/revisions\/1465"}],"up":[{"embeddable":true,"href":"https:\/\/www.friedenspsychologie.de\/index.php?rest_route=\/wp\/v2\/pages\/57"}],"wp:attachment":[{"href":"https:\/\/www.friedenspsychologie.de\/index.php?rest_route=%2Fwp%2Fv2%2Fmedia&parent=84"}],"curies":[{"name":"wp","href":"https:\/\/api.w.org\/{rel}","templated":true}]}}