{"id":82,"date":"2017-04-26T09:37:34","date_gmt":"2017-04-26T09:37:34","guid":{"rendered":"http:\/\/www.friedenspsychologie.de\/?page_id=82"},"modified":"2017-05-04T08:39:56","modified_gmt":"2017-05-04T08:39:56","slug":"politische-stellungnahmen","status":"publish","type":"page","link":"https:\/\/www.friedenspsychologie.de\/?page_id=82","title":{"rendered":"Politische Stellungnahmen"},"content":{"rendered":"<p>Das Forum Friedenspsychologie (bzw. vormals Friedensinitiative Psychologie-Psychosoziale Berufe) hat zu einer Reihe von friedenspolitisch relevanten Ereignissen (z.B. Aufr\u00fcstung mit Pershing II und Marschflugk\u00f6rpern, Abr\u00fcstungsinitiativen, Golfkrieg, Jugoslawienkrise, Ausl\u00e4nderfeindlichkeit) fachspezifische Stellungnahmen auf der Grundlage psychologischer Kompetenz erstellt, die in verschiedenen Publikationsorganen erschienen sind.<\/p>\n<p>05.02.2009 \u2013 <a href=\"http:\/\/www.friedenspsychologie.de\/wp-content\/uploads\/2017\/05\/Letter_Bar-Tal.pdf\" target=\"_blank\" rel=\"noopener noreferrer\">Offener Brief von Prof. Daniel Bar-Tal (Tel Aviv) zum Krieg in Gaza<\/a><\/p>\n<p>08.01.2009 \u2013 <a href=\"http:\/\/www.friedenspsychologie.de\/wp-content\/uploads\/2017\/05\/INPsySR_Gaza-appeal_January2009.pdf\" target=\"_blank\" rel=\"noopener noreferrer\">Immediate stop to the military offensive in Gaza (INPsySR)<\/a><\/p>\n<p>03.08.2006 \u2013 <a href=\"http:\/\/www.friedenspsychologie.de\/wp-content\/uploads\/2017\/05\/Libanon2006.pdf\" target=\"_blank\" rel=\"noopener noreferrer\">Presseerkl\u00e4rung zu den Milit\u00e4rschl\u00e4gen im Libanon<\/a><\/p>\n<p>30.09.2004 \u2013 <a href=\"http:\/\/www.friedenspsychologie.de\/wp-content\/uploads\/2017\/05\/Folter2004.pdf\" target=\"_blank\" rel=\"noopener noreferrer\">Folter im US-Milit\u00e4rgef\u00e4ngnis Abu Ghraib im Irak: Einzelfall oder System?<\/a><\/p>\n<p>20.03.2003 \u2013 <a href=\"http:\/\/www.friedenspsychologie.de\/wp-content\/uploads\/2017\/05\/Krieg2003.pdf\" target=\"_blank\" rel=\"noopener noreferrer\">Chronik eines angek\u00fcndigten Krieges<\/a><\/p>\n<p>11.11.2001 \u2013 <a href=\"http:\/\/www.friedenspsychologie.de\/wp-content\/uploads\/2017\/05\/Afghanistan2001.pdf\" target=\"_blank\" rel=\"noopener noreferrer\">Terrorismus, Afghanistankrieg und westliche Feindbilder<\/a><\/p>\n<p>17.09.2001 \u2013 <a href=\"http:\/\/www.friedenspsychologie.de\/wp-content\/uploads\/2017\/05\/Terror2001.pdf\" target=\"_blank\" rel=\"noopener noreferrer\">Stellungnahme zum Anschlag in den USA am 11. September 2001 und seinen Folgen<\/a><\/p>\n<p>15.06.2000 \u2013 <a href=\"http:\/\/www.friedenspsychologie.de\/wp-content\/uploads\/2017\/05\/Bundeswehr2000.pdf\" target=\"_blank\" rel=\"noopener noreferrer\">Stellungnahme zur Bundeswehr-Umstrukturierung: Verteidigungs- oder Interventionsarmee<\/a><\/p>\n","protected":false},"excerpt":{"rendered":"<p>Das Forum Friedenspsychologie (bzw. vormals Friedensinitiative Psychologie-Psychosoziale Berufe) hat zu einer Reihe von friedenspolitisch relevanten Ereignissen (z.B. Aufr\u00fcstung mit Pershing II und Marschflugk\u00f6rpern, Abr\u00fcstungsinitiativen, Golfkrieg,&hellip;<\/p>\n","protected":false},"author":1,"featured_media":0,"parent":57,"menu_order":4,"comment_status":"closed","ping_status":"closed","template":"","meta":[],"_links":{"self":[{"href":"https:\/\/www.friedenspsychologie.de\/index.php?rest_route=\/wp\/v2\/pages\/82"}],"collection":[{"href":"https:\/\/www.friedenspsychologie.de\/index.php?rest_route=\/wp\/v2\/pages"}],"about":[{"href":"https:\/\/www.friedenspsychologie.de\/index.php?rest_route=\/wp\/v2\/types\/page"}],"author":[{"embeddable":true,"href":"https:\/\/www.friedenspsychologie.de\/index.php?rest_route=\/wp\/v2\/users\/1"}],"replies":[{"embeddable":true,"href":"https:\/\/www.friedenspsychologie.de\/index.php?rest_route=%2Fwp%2Fv2%2Fcomments&post=82"}],"version-history":[{"count":0,"href":"https:\/\/www.friedenspsychologie.de\/index.php?rest_route=\/wp\/v2\/pages\/82\/revisions"}],"up":[{"embeddable":true,"href":"https:\/\/www.friedenspsychologie.de\/index.php?rest_route=\/wp\/v2\/pages\/57"}],"wp:attachment":[{"href":"https:\/\/www.friedenspsychologie.de\/index.php?rest_route=%2Fwp%2Fv2%2Fmedia&parent=82"}],"curies":[{"name":"wp","href":"https:\/\/api.w.org\/{rel}","templated":true}]}}