{"id":598,"date":"2018-10-09T13:11:39","date_gmt":"2018-10-09T13:11:39","guid":{"rendered":"http:\/\/www.friedenspsychologie.de\/?page_id=598"},"modified":"2019-04-30T22:49:38","modified_gmt":"2019-04-30T22:49:38","slug":"gert-sommer","status":"publish","type":"page","link":"https:\/\/www.friedenspsychologie.de\/?page_id=598","title":{"rendered":"Gert Sommer"},"content":{"rendered":"<p><img loading=\"lazy\" class=\"size-medium wp-image-600 alignleft\" src=\"http:\/\/www.friedenspsychologie.de\/wp-content\/uploads\/2018\/10\/Gert-Sommer-225x300.jpg\" alt=\"\" width=\"225\" height=\"300\" srcset=\"https:\/\/www.friedenspsychologie.de\/wp-content\/uploads\/2018\/10\/Gert-Sommer-225x300.jpg 225w, https:\/\/www.friedenspsychologie.de\/wp-content\/uploads\/2018\/10\/Gert-Sommer.jpg 461w\" sizes=\"(max-width: 225px) 100vw, 225px\" \/><\/p>\n<p><strong>Zur Person:<\/strong><\/p>\n<p>&#8211; geb. 1941 in Dortmund,<\/p>\n<p>&#8211; Studium (1961-1966) in Bonn und Freiburg.<\/p>\n<p>&#8211; Promotion (Dr. phil.) in Bonn, Habilitation in Heidelberg.<\/p>\n<p>&#8211; Prof. f\u00fcr Psychologie mit Schwerpunkt Klinische Psychologie und Gemeindepsychologie 1977-2006 in Marburg.<\/p>\n<p>&nbsp;<\/p>\n<p><strong>Wirken:<\/strong><\/p>\n<ul>\n<li>Mitbegr\u00fcnder des Forum Friedenspsychologie (FFP e.V.), Vorsitzender 1986-2005; danach Ehrenvorsitzender.<\/li>\n<li>Vorstandsmitglied der interdisziplin\u00e4ren Zeitschrift \u201eWissenschaft &amp; Frieden\u201c 1991-2014.<\/li>\n<li>Mitbegr\u00fcnder der Interdisziplin\u00e4ren Arbeitsgruppe f\u00fcr Friedens- und Abr\u00fcstungsforschung (IAFA) der Philipps-Universit\u00e4t Marburg; Sprecher 1993-1995, 1997-1998.<\/li>\n<li>Mitbegr\u00fcnder des Zentrum f\u00fcr Konfliktforschung (CCS), Marburg, Mitglied des Direktoriums 2001-2016.<\/li>\n<li>Ehrenpreis der Deutschen Gesellschaft f\u00fcr Verhaltenstherapie (2004) f\u00fcr wegweisende Beitr\u00e4ge in Gemeindepsychologie (besonders zu Sozialer Unterst\u00fctzung)\u00a0 und Friedenspsychologie.<\/li>\n<\/ul>\n<p><strong>Publikationen:<\/strong><\/p>\n<ul>\n<li>Zahlreiche Publikationen zu Klinischer Psychologie (insbesondere Soziale Unterst\u00fctzung), Gemeindepsychologie und zu Friedenspsychologie, insbesondere Feindbilder und Menschenrechte, u.a.<\/li>\n<li>Sommer, G., &amp; Fuchs, A. (Hrsg.)(2004). Krieg und Frieden. Handbuch der Konflikt- und Friedenspsychologie. Weinheim: Beltz.<\/li>\n<li>Sommer, G. (2008). Die Irakkriege: Feindbilder, Selbstbilder, Realbilder.\u00a0 In J.M. Becker &amp; H. Wulf (Hg.), Zerst\u00f6rter Irak &#8211; Zukunft des Irak? (S. 43-63). M\u00fcnster: LIT.<\/li>\n<li>Sommer, G. (2008). Menschenrechtsverletzungen im dritten Golfkrieg.\u00a0 In J.M. Becker &amp; H. Wulf (Hg.), Zerst\u00f6rter Irak &#8211; Zukunft des Irak? (S. 85-103).\u00a0 M\u00fcnster: LIT.<\/li>\n<li>Sommer, G., Stellmacher, J. (2009). Menschenrechte und Menschenrechtsbildung. Wiesbaden: Verlag f\u00fcr Sozialwissenschaften.<\/li>\n<\/ul>\n<p>Weitere Informationen unter <a href=\"https:\/\/gert-sommer.weebly.com\/\">https:\/\/gert-sommer.weebly.com\/<\/a><\/p>\n<p>&nbsp;<\/p>\n<p>&nbsp;<\/p>\n<p>&nbsp;<\/p>\n","protected":false},"excerpt":{"rendered":"<p>Zur Person: &#8211; geb. 1941 in Dortmund, &#8211; Studium (1961-1966) in Bonn und Freiburg. &#8211; Promotion (Dr. phil.) in Bonn, Habilitation in Heidelberg. &#8211; Prof.&hellip;<\/p>\n","protected":false},"author":5,"featured_media":0,"parent":544,"menu_order":0,"comment_status":"closed","ping_status":"closed","template":"","meta":[],"_links":{"self":[{"href":"https:\/\/www.friedenspsychologie.de\/index.php?rest_route=\/wp\/v2\/pages\/598"}],"collection":[{"href":"https:\/\/www.friedenspsychologie.de\/index.php?rest_route=\/wp\/v2\/pages"}],"about":[{"href":"https:\/\/www.friedenspsychologie.de\/index.php?rest_route=\/wp\/v2\/types\/page"}],"author":[{"embeddable":true,"href":"https:\/\/www.friedenspsychologie.de\/index.php?rest_route=\/wp\/v2\/users\/5"}],"replies":[{"embeddable":true,"href":"https:\/\/www.friedenspsychologie.de\/index.php?rest_route=%2Fwp%2Fv2%2Fcomments&post=598"}],"version-history":[{"count":8,"href":"https:\/\/www.friedenspsychologie.de\/index.php?rest_route=\/wp\/v2\/pages\/598\/revisions"}],"predecessor-version":[{"id":736,"href":"https:\/\/www.friedenspsychologie.de\/index.php?rest_route=\/wp\/v2\/pages\/598\/revisions\/736"}],"up":[{"embeddable":true,"href":"https:\/\/www.friedenspsychologie.de\/index.php?rest_route=\/wp\/v2\/pages\/544"}],"wp:attachment":[{"href":"https:\/\/www.friedenspsychologie.de\/index.php?rest_route=%2Fwp%2Fv2%2Fmedia&parent=598"}],"curies":[{"name":"wp","href":"https:\/\/api.w.org\/{rel}","templated":true}]}}