{"id":59,"date":"2017-04-26T09:30:12","date_gmt":"2017-04-26T09:30:12","guid":{"rendered":"http:\/\/www.friedenspsychologie.de\/?page_id=59"},"modified":"2019-04-30T22:57:39","modified_gmt":"2019-04-30T22:57:39","slug":"nachwuchs","status":"publish","type":"page","link":"https:\/\/www.friedenspsychologie.de\/?page_id=59","title":{"rendered":"Nachwuchs"},"content":{"rendered":"<h3><img loading=\"lazy\" class=\"wp-image-740 alignleft\" src=\"http:\/\/www.friedenspsychologie.de\/wp-content\/uploads\/2019\/04\/U30.jpg\" alt=\"\" width=\"227\" height=\"302\" srcset=\"https:\/\/www.friedenspsychologie.de\/wp-content\/uploads\/2019\/04\/U30.jpg 1062w, https:\/\/www.friedenspsychologie.de\/wp-content\/uploads\/2019\/04\/U30-225x300.jpg 225w, https:\/\/www.friedenspsychologie.de\/wp-content\/uploads\/2019\/04\/U30-768x1023.jpg 768w, https:\/\/www.friedenspsychologie.de\/wp-content\/uploads\/2019\/04\/U30-769x1024.jpg 769w\" sizes=\"(max-width: 227px) 100vw, 227px\" \/>Nachwuchsgruppe Friedenspsychologie auf Facebook<\/h3>\n<p>Es gibt eine neue <a href=\"https:\/\/www.facebook.com\/groups\/friedenspsychologie\/\" target=\"_blank\" rel=\"noopener noreferrer\">Nachwuchsgruppe Friedenspsychologie auf Facebook<\/a>!<\/p>\n<p>Diese Gruppe dient dem Austausch von Interessierten an friedenspsychologischen Fragestellungen. Die Gruppe wird von Mitgliedern des Forums Friedenspsychologie organisiert, ist aber f\u00fcr alle offen, die sich mit Fragen von Frieden, Konflikt, Gewalt und Krieg befassen oder befassen m\u00f6chten. Wir m\u00f6chten hier inhaltlich diskutieren genauso wie die M\u00f6glichkeit besteht, Praktika- oder Jobangebote zu posten oder Fragen zur eigenen Abschlussarbeit\/Dissertation zu stellen.<\/p>\n<p><strong>Informationen zu Praktikumsm\u00f6glichkeiten in der Friedenspsychologie<\/strong><\/p>\n<p>Wir haben f\u00fcr euch Informationen zusammengestellt, welche Insititutionen Praktika anbieten. Falls ihr bei der Praktikumssuche Unterst\u00fctzung brauchen solltet, k\u00f6nnt ihr euch nat\u00fcrlich auch gerne an uns wenden.<\/p>\n<p>Weitere Informationen zu Praktika findet ihr <a href=\"http:\/\/www.friedenspsychologie.de\/?page_id=92\"><strong>hier<\/strong><\/a>.<\/p>\n<p><strong>Informationen zu Masterstudieng\u00e4ngen mit friedenspsychologischen Schwerpunkten<\/strong><\/p>\n<p>Ihr w\u00fcrdet gerne einen Master im Bereich Friedenspsychologie absolvieren? Wir haben euch m\u00f6gliche Masterstudieng\u00e4nge zusammengestellt.<\/p>\n<p>Weitere Informationen zu Mastern findet ihr <a href=\"http:\/\/www.friedenspsychologie.de\/?page_id=94\"><strong>hier<\/strong><\/a>.<\/p>\n<p>Falls ihr weitere Fragen habt, k\u00f6nnt ihr euch nat\u00fcrlich gerne an uns wenden unter <a href=\"mailto:nachwuchs@friedenspsychologie.de\">nachwuchs@friedenspsychologie.de<\/a><\/p>\n","protected":false},"excerpt":{"rendered":"<p>Nachwuchsgruppe Friedenspsychologie auf Facebook Es gibt eine neue Nachwuchsgruppe Friedenspsychologie auf Facebook! Diese Gruppe dient dem Austausch von Interessierten an friedenspsychologischen Fragestellungen. Die Gruppe wird&hellip;<\/p>\n","protected":false},"author":1,"featured_media":0,"parent":0,"menu_order":3,"comment_status":"closed","ping_status":"closed","template":"","meta":[],"_links":{"self":[{"href":"https:\/\/www.friedenspsychologie.de\/index.php?rest_route=\/wp\/v2\/pages\/59"}],"collection":[{"href":"https:\/\/www.friedenspsychologie.de\/index.php?rest_route=\/wp\/v2\/pages"}],"about":[{"href":"https:\/\/www.friedenspsychologie.de\/index.php?rest_route=\/wp\/v2\/types\/page"}],"author":[{"embeddable":true,"href":"https:\/\/www.friedenspsychologie.de\/index.php?rest_route=\/wp\/v2\/users\/1"}],"replies":[{"embeddable":true,"href":"https:\/\/www.friedenspsychologie.de\/index.php?rest_route=%2Fwp%2Fv2%2Fcomments&post=59"}],"version-history":[{"count":3,"href":"https:\/\/www.friedenspsychologie.de\/index.php?rest_route=\/wp\/v2\/pages\/59\/revisions"}],"predecessor-version":[{"id":742,"href":"https:\/\/www.friedenspsychologie.de\/index.php?rest_route=\/wp\/v2\/pages\/59\/revisions\/742"}],"wp:attachment":[{"href":"https:\/\/www.friedenspsychologie.de\/index.php?rest_route=%2Fwp%2Fv2%2Fmedia&parent=59"}],"curies":[{"name":"wp","href":"https:\/\/api.w.org\/{rel}","templated":true}]}}