{"id":57,"date":"2017-04-26T09:30:12","date_gmt":"2017-04-26T09:30:12","guid":{"rendered":"http:\/\/www.friedenspsychologie.de\/?page_id=57"},"modified":"2025-08-27T18:53:49","modified_gmt":"2025-08-27T18:53:49","slug":"forum-friedenspsychologie-e-v","status":"publish","type":"page","link":"https:\/\/www.friedenspsychologie.de\/?page_id=57","title":{"rendered":"\u00dcberblick \u00fcber den Verein Friedenspsychologie e.V."},"content":{"rendered":"<p>Im Forum Friedenspsychologie (FFP) e. V. kommen Psychologinnen und Psychologen, Studierende und Angeh\u00f6rige verwandter Bereiche zusammen, die psychologische Erkenntnisse zur gewaltfreien Bearbeitung von Konflikten, zur Vermeidung von Krieg und F\u00f6rderung von Frieden und sozialer Gerechtigkeit erarbeiten und vermitteln wollen. Wir sind als gemeinn\u00fctzig anerkannt und von politischen Parteien unabh\u00e4ngig und haben zurzeit etwa 100 Mitglieder.<\/p>\n<p>Wir sind friedenspsychologisch aktiv in der Forschung, in Bildung und Erziehung, in verschiedenen Bereichen der beruflichen Praxis und in Form von Beitr\u00e4gen zur politischen Meinungsbildung in der \u00d6ffentlichkeit.<\/p>\n<p><img loading=\"lazy\" class=\"alignnone wp-image-744\" src=\"http:\/\/www.friedenspsychologie.de\/wp-content\/uploads\/2019\/04\/demo.png\" alt=\"\" width=\"1029\" height=\"324\" srcset=\"https:\/\/www.friedenspsychologie.de\/wp-content\/uploads\/2019\/04\/demo.png 1607w, https:\/\/www.friedenspsychologie.de\/wp-content\/uploads\/2019\/04\/demo-300x94.png 300w, https:\/\/www.friedenspsychologie.de\/wp-content\/uploads\/2019\/04\/demo-768x242.png 768w, https:\/\/www.friedenspsychologie.de\/wp-content\/uploads\/2019\/04\/demo-1024x322.png 1024w\" sizes=\"(max-width: 1029px) 100vw, 1029px\" \/><\/p>\n<p><strong>Wichtige Aktivit\u00e4ten<\/strong><\/p>\n<ul>\n<li>Durchf\u00fchrung j\u00e4hrlicher <a href=\"http:\/\/www.friedenspsychologie.de\/forum-friedenspsychologie-e-v\/veranstaltungen-und-tagungen\/\">Tagungen<\/a><\/li>\n<li>Vergabe des <a href=\"http:\/\/www.friedenspsychologie.de\/forum-friedenspsychologie-e-v\/gert-sommer-preis-fur-friedenspsychologie\/\">Gert-Sommer-Preises<\/a> f\u00fcr Friedenspsychologie<\/li>\n<li>Unterhalt der Mailingliste Friedenspsychologie (s. u.)<\/li>\n<li>Pr\u00e4senz in sozialen Medien (<a href=\"https:\/\/www.facebook.com\/Forum-Friedenspsychologie-608555662867217\/\" target=\"_blank\" rel=\"noopener noreferrer\">Facebookseite<\/a>, <a href=\"https:\/\/www.facebook.com\/groups\/friedenspsychologie\/\" target=\"_blank\" rel=\"noopener noreferrer\">Facebook-Nachwuchsgruppe<\/a>)<\/li>\n<li>Mitherausgeberschaft der <a href=\"http:\/\/www.wissenschaft-und-frieden.de\/\" target=\"_blank\" rel=\"noopener noreferrer\">Zeitschrift \u201eWissenschaft und Frieden\u201c<\/a><\/li>\n<\/ul>\n<p><strong>Weitere Materialien<\/strong><\/p>\n<ul>\n<li><a href=\"https:\/\/de.wikipedia.org\/wiki\/Friedenspsychologie\" target=\"_blank\" rel=\"noopener noreferrer\">Friedenspsychologie auf Wikipedia<\/a><\/li>\n<li><a href=\"https:\/\/mail.google.com\/mail\/u\/1?ui=2&amp;ik=031c987b0c&amp;attid=0.1&amp;permmsgid=msg-a:r-1283233349860246499&amp;th=1943c1952e25c1b5&amp;view=att&amp;disp=safe&amp;realattid=f_m5l5t94h0&amp;zw\">T\u00e4tigkeitsbericht 2023-24 [PDF]<\/a><\/li>\n<li><a href=\"https:\/\/mail.google.com\/mail\/u\/1?ui=2&amp;ik=031c987b0c&amp;attid=0.1&amp;permmsgid=msg-a:r6780775928792614264&amp;th=1943c1e0d6265bdf&amp;view=att&amp;disp=safe&amp;realattid=f_m5l5zvdn0&amp;zw\">T\u00e4tigkeitsbericht 2022-23 [PDF]<\/a><\/li>\n<li><a href=\"https:\/\/mail.google.com\/mail\/u\/1?ui=2&amp;ik=031c987b0c&amp;attid=0.2&amp;permmsgid=msg-a:r6780775928792614264&amp;th=1943c1e0d6265bdf&amp;view=att&amp;disp=safe&amp;realattid=f_m5l5zve41&amp;zw\">T\u00e4tigkeitsbericht 2021-22 [PDF]<\/a><\/li>\n<li><a href=\"https:\/\/www.friedenspsychologie.de\/wp-content\/uploads\/2023\/10\/Bericht2020-21.pdf\" target=\"_blank\" rel=\"noopener\">T\u00e4tigkeitsbericht 2020-21 [PDF]<\/a><\/li>\n<li><a href=\"https:\/\/www.friedenspsychologie.de\/wp-content\/uploads\/2020\/07\/Bericht2019-20.pdf\" target=\"_blank\" rel=\"noopener noreferrer\">T\u00e4tigkeitsbericht 2019-20 [PDF]<\/a><\/li>\n<li><a href=\"http:\/\/www.friedenspsychologie.de\/wp-content\/uploads\/2019\/06\/Bericht2018-19.pdf\" target=\"_blank\" rel=\"noopener noreferrer\">T\u00e4tigkeitsbericht 2018-19 [PDF]<\/a><\/li>\n<li><a href=\"http:\/\/www.friedenspsychologie.de\/wp-content\/uploads\/2018\/09\/Bericht2017-18.pdf\" target=\"_blank\" rel=\"noopener noreferrer\">T\u00e4tigkeitsbericht 2017-18 [PDF]<\/a><\/li>\n<li><a href=\"https:\/\/www.friedenspsychologie.de\/wp-content\/uploads\/2025\/08\/Satzung-Forum-Friedenspsychologie2.pdf\">Satzung Forum Friedenspsychologie<\/a><\/li>\n<li><a href=\"https:\/\/forms.gle\/bu1gkdfLgYbZ7xfD6\">Mitglied werden<\/a><\/li>\n<\/ul>\n<p><strong>Newsletter<\/strong><\/p>\n<p>Der Newsletter informiert monatlich \u00fcber aktuelle Veranstaltungen und Ausschreibungen des Forums und dient der Vernetzung und der Diskussion. Wenn Sie in den Newsletter aufgenommen werden m\u00f6chten, dann schreiben Sie eine kurze E-Mail an Myriam Doppke \u00fcber friedenspsychologieffp[at]gmail.com.<\/p>\n<p>&nbsp;<\/p>\n","protected":false},"excerpt":{"rendered":"<p>Im Forum Friedenspsychologie (FFP) e. V. kommen Psychologinnen und Psychologen, Studierende und Angeh\u00f6rige verwandter Bereiche zusammen, die psychologische Erkenntnisse zur gewaltfreien Bearbeitung von Konflikten, zur&hellip;<\/p>\n","protected":false},"author":1,"featured_media":0,"parent":0,"menu_order":1,"comment_status":"closed","ping_status":"closed","template":"","meta":[],"_links":{"self":[{"href":"https:\/\/www.friedenspsychologie.de\/index.php?rest_route=\/wp\/v2\/pages\/57"}],"collection":[{"href":"https:\/\/www.friedenspsychologie.de\/index.php?rest_route=\/wp\/v2\/pages"}],"about":[{"href":"https:\/\/www.friedenspsychologie.de\/index.php?rest_route=\/wp\/v2\/types\/page"}],"author":[{"embeddable":true,"href":"https:\/\/www.friedenspsychologie.de\/index.php?rest_route=\/wp\/v2\/users\/1"}],"replies":[{"embeddable":true,"href":"https:\/\/www.friedenspsychologie.de\/index.php?rest_route=%2Fwp%2Fv2%2Fcomments&post=57"}],"version-history":[{"count":30,"href":"https:\/\/www.friedenspsychologie.de\/index.php?rest_route=\/wp\/v2\/pages\/57\/revisions"}],"predecessor-version":[{"id":1570,"href":"https:\/\/www.friedenspsychologie.de\/index.php?rest_route=\/wp\/v2\/pages\/57\/revisions\/1570"}],"wp:attachment":[{"href":"https:\/\/www.friedenspsychologie.de\/index.php?rest_route=%2Fwp%2Fv2%2Fmedia&parent=57"}],"curies":[{"name":"wp","href":"https:\/\/api.w.org\/{rel}","templated":true}]}}