{"id":546,"date":"2018-06-18T12:10:14","date_gmt":"2018-06-18T12:10:14","guid":{"rendered":"http:\/\/www.friedenspsychologie.de\/?page_id=546"},"modified":"2018-09-26T11:14:23","modified_gmt":"2018-09-26T11:14:23","slug":"praktikumsberichte","status":"publish","type":"page","link":"https:\/\/www.friedenspsychologie.de\/?page_id=546","title":{"rendered":"Praktikumsberichte"},"content":{"rendered":"<h1>Praktikumsbericht: Austrian Study Centre for Peace and Conflict Resolution (ASPR)<a href=\"http:\/\/www.friedenspsychologie.de\/12507693_10205364012928861_2094195174723502331_n-kopie\/\"><img loading=\"lazy\" class=\" wp-image-549 alignright\" src=\"http:\/\/www.friedenspsychologie.de\/wp-content\/uploads\/2018\/06\/12507693_10205364012928861_2094195174723502331_n-Kopie-272x300.jpg\" alt=\"\" width=\"199\" height=\"219\" srcset=\"https:\/\/www.friedenspsychologie.de\/wp-content\/uploads\/2018\/06\/12507693_10205364012928861_2094195174723502331_n-Kopie-272x300.jpg 272w, https:\/\/www.friedenspsychologie.de\/wp-content\/uploads\/2018\/06\/12507693_10205364012928861_2094195174723502331_n-Kopie.jpg 491w\" sizes=\"(max-width: 199px) 100vw, 199px\" \/><\/a><\/h1>\n<p>Wenn man im Internet nach dem Austrian Study Centre for Peace and Conflict Resolution sucht, ist man erstmal leicht verwirrt: was hat denn jetzt die Friedensburg damit zu tun, bzw. was ist das \u00d6sterreichische Studienzentrum f\u00fcr Friedens- und Konfliktforschung? Um diese Verwirrung aufzukl\u00e4ren: alle Namen beschreiben die gleiche Organisation. Das Kelman-Institut und das ASPR kooperieren, geh\u00f6ren aber nicht zusammen. Die Organisation liegt haupts\u00e4chlich in Stadtschlaining, einem (sehr) kleinen Ort im Burgenland, \u00d6sterreich, hat allerdings auch einen kleinen Standort in Wien.<\/p>\n<p>Aufgrund und trotz der Gr\u00f6\u00dfe des Ortes zeichnet sich das Institut durch enge Zusammenarbeit, Intellektualit\u00e4t und Internationalit\u00e4t aus. Ich habe von September bis Dezember 2017 ein Volontariat am ASPR absolviert. Zu diesem Zeitpunkt befand ich mich im siebten Psychologie-Bachelorsemester und hatte dementsprechend meinen Bachelor fast beendet. Meine Bewerbung war initiativ, mittlerweile schreibt das ASPR Praktikumsstellen aus und bittet darum, sich nur auf diese zu bewerben. Die Mindestdauer eines Praktikums sind drei Monate. F\u00fcr seine Arbeit wird man mit 400\u20ac monatlich entsch\u00e4digt. Zudem kann man im ehemaligen Studentenwohnheim des ASPR untergebracht werden, in dem man, neben einem eigenen Zimmer mit Bad, Zugang zu einer gro\u00dfen K\u00fcche erh\u00e4lt.<\/p>\n<p>Das ASPR f\u00fchrt eigenst\u00e4ndige Konfliktmediationsprojekte durch, sowie gemeinsame Projekte mit anderen Organisationen. Weitergehend finden auf der Burg Konferenzen zahlreicher internationaler Organisation wie unter anderem der UN, der EU oder der OSZE statt. Ein weiterer gro\u00dfer Bereich ist das International Civilian Peacekeeping und Peacebuilding Training Programme (IPT), das mehrfach im Jahr vom ASPR f\u00fcr Menschen angeboten wird, die \u00fcberall auf der Welt im Bereich Peacekeeping und Peacebuilding arbeiten. Das Projekt EU Aid Volunteers bereitet Freiwillige aus der EU auf Auslandseins\u00e4tze vor. Seit Jahrzehnten bietet das ASPR Projekte im Bereich der Friedenserziehung an. Schulklassen besuchen einige Tage die Burg und lernen spielerisch Gruppenzusammenhalt, Konfliktl\u00f6sung, Kommunikationsstrategien und den Umgang mit Mobbing. Zudem unterh\u00e4lt das Institut ein Friedensmuseum, eine geschichtstr\u00e4chtige und interessante Friedensbibliothek, ein Hotel und das ehemalige Studentenwohnheim.<\/p>\n<p>Das Aufgabenfeld der Praktikantinnen und Praktikanten ist ebenso divers wie die Angebote des Instituts. In Zusammenarbeit mit der Direktorin des Instituts, Mag. Gudrun Kramer, und meinem direkten Vorgesetzten, Jakob F\u00fcrst, erarbeitete ich eine Dokumentation der vorherigen Sommerakademie und unterst\u00fctze sie bei dem Verfassen von Projektantr\u00e4gen und der Vorbereitung von Konferenzen im Konfliktmediationsbereich. Des Weiteren entwickelte ich mit Kollegen ein Kursmanual des \u201eHumanitarian Assistance in West Africa\u201c-Kurs und unterst\u00fctze die Planung eines \u201eEU Aid Volunteers\u201c-Trainingmoduls und der Sommerakademie 2018. Mit einer Kollegin f\u00fchrte ich zweimal das Friedenswochen-Trainingsprogramm f\u00fcr Jugendliche durch. Im Verlauf der drei Monate nahm ich an zahlreichen Konferenzen teil, wie der State of Peacebuilding-Konferenz und der 3C-Konferenz, einer interministeriellen Konferenz unter Beteiligung von vor allem Verteidigungs-, Au\u00dfen-, Innenministerium und zivilgesellschaftlichen Organisationen. Einen Monat des Praktikums verbrachte ich mit der Planung, Unterst\u00fctzung und vor allem Teilnahme an zwei IPTs. Ich erhielt die gro\u00dfartige Gelegenheit, am Grundkurs sowie am Spezialisierungskurs zu Menschenrechten teilzunehmen. Im Rahmen dieser Kurse lernte ich fantastische Menschen aus der ganzen Welt kennen, erhielt Informationen zu der Arbeit von internationalen Organisationen und NGOs in Krisengebieten und entwickelte erforderte Kompetenzen f\u00fcr die Arbeit in diesem Feld. In Zusammenarbeit mit der Gesch\u00e4ftsf\u00fchrung entwickelte ich eine MitarbeiterInnenbefragung am ASPR, die ich auch durchf\u00fchrte und in Zusammenarbeit mit einem Mediator auswertete.<\/p>\n<p>Die Aufgaben, die ich bearbeitete waren abwechslungsreich und kurzweilig. Das Team hat mich unglaublich herzlich aufgenommen und unterst\u00fctzt. Meine Kolleginnen und Kollegen waren geduldig und ich konnte immens von ihrem Wissen und ihren Kompetenzen profitieren. Insbesondere die Teilnahme an den Kursen war spannend, intensiv und von dem engen Kontakt mit faszinierenden Menschen gepr\u00e4gt.<\/p>\n<p>Abschlie\u00dfend m\u00f6chte ich darauf hinweisen, dass zum aktuellen Zeitpunkt (Juni, 2018) keine Psychologin\/kein Psychologe am Institut arbeitet, falls Sie eine Bewerbung f\u00fcr ein Pflichtpraktikum erw\u00e4gen, in dem dies eine Voraussetzung ist. Dennoch sind psychologische Kenntnisse und Kompetenzen erw\u00fcnscht und werden auch gef\u00f6rdert. Man sollte sich bewusst sein, dass es sich um einen wirklich kleinen Ort handelt, der ohne Auto schlecht an die n\u00e4chsten gr\u00f6\u00dferen Orte und St\u00e4dte angebunden ist. Durch die TeilnehmerInnen der Trainingsprogramme ist der kleine Ort jedoch oft belebt und von einem internationalen Flair erf\u00fcllt.<\/p>\n<p>Nicht zuletzt wegen des Teams habe ich das Praktikum sehr gerne am ASPR absolviert und viele tolle Erfahrungen gemacht. Insbesondere f\u00fcr die (sehr empfehlenswerten) Sommerakademien werde ich hoffentlich immer wieder zur\u00fcckkehren. Bei weiteren Fragen k\u00f6nnen Sie mich gerne unter <a href=\"mailto:jgratzel@outlook.de\">jgratzel@outlook.de<\/a> kontaktieren.<\/p>\n<p>Johanna Gratzel<\/p>\n<p>Aachen, den 11.06.2018<\/p>\n<p>&nbsp;<\/p>\n","protected":false},"excerpt":{"rendered":"<p>Praktikumsbericht: Austrian Study Centre for Peace and Conflict Resolution (ASPR) Wenn man im Internet nach dem Austrian Study Centre for Peace and Conflict Resolution sucht,&hellip;<\/p>\n","protected":false},"author":1,"featured_media":0,"parent":59,"menu_order":1,"comment_status":"closed","ping_status":"closed","template":"","meta":[],"_links":{"self":[{"href":"https:\/\/www.friedenspsychologie.de\/index.php?rest_route=\/wp\/v2\/pages\/546"}],"collection":[{"href":"https:\/\/www.friedenspsychologie.de\/index.php?rest_route=\/wp\/v2\/pages"}],"about":[{"href":"https:\/\/www.friedenspsychologie.de\/index.php?rest_route=\/wp\/v2\/types\/page"}],"author":[{"embeddable":true,"href":"https:\/\/www.friedenspsychologie.de\/index.php?rest_route=\/wp\/v2\/users\/1"}],"replies":[{"embeddable":true,"href":"https:\/\/www.friedenspsychologie.de\/index.php?rest_route=%2Fwp%2Fv2%2Fcomments&post=546"}],"version-history":[{"count":2,"href":"https:\/\/www.friedenspsychologie.de\/index.php?rest_route=\/wp\/v2\/pages\/546\/revisions"}],"predecessor-version":[{"id":568,"href":"https:\/\/www.friedenspsychologie.de\/index.php?rest_route=\/wp\/v2\/pages\/546\/revisions\/568"}],"up":[{"embeddable":true,"href":"https:\/\/www.friedenspsychologie.de\/index.php?rest_route=\/wp\/v2\/pages\/59"}],"wp:attachment":[{"href":"https:\/\/www.friedenspsychologie.de\/index.php?rest_route=%2Fwp%2Fv2%2Fmedia&parent=546"}],"curies":[{"name":"wp","href":"https:\/\/api.w.org\/{rel}","templated":true}]}}