{"id":422,"date":"2017-06-28T14:57:11","date_gmt":"2017-06-28T14:57:11","guid":{"rendered":"http:\/\/www.friedenspsychologie.de\/?page_id=422"},"modified":"2017-06-28T14:57:11","modified_gmt":"2017-06-28T14:57:11","slug":"tagungsbande","status":"publish","type":"page","link":"https:\/\/www.friedenspsychologie.de\/?page_id=422","title":{"rendered":"Tagungsb\u00e4nde"},"content":{"rendered":"<p>Boehnke, K., Fu\u00df, D. &amp; Hagan, J. (Hrsg.) (2002). <em>Jugendgewalt und Rechtsextremismus: Soziologische und psychologische Analysen in internationaler Perspektive.<\/em> Weinheim: Juventa. [<a href=\"http:\/\/www.socialnet.de\/rezensionen\/430.php\">Rezension bei socialnet<\/a>]<\/p>\n<p>Boehnke, K., Fu\u00df, D. &amp; Kindervater, A. (Eds.) (2005). Peace psychology in Germany [special issue]. <em>Peace and Conflict: Journal of Peace Psychology, 11<\/em> (3). [<a href=\"http:\/\/www.leaonline.com\/toc\/pac\/11\/3\">Zeitschrift<\/a>]<\/p>\n<p>Boehnke, K. &amp; Schmidt, F. (Hrsg.) (1992). Forum Psychologie f\u00fcr den Frieden \u2013 Friedenspsychologie als politische Wissenschaft? <em>Humboldt-Journal zur Friedensforschung, 8<\/em> (1\/1992).<\/p>\n<p>Bolm, G., Jansen, B., Nolting, H.\u2011P., Rehahn, S., Schulze, C., Sommer, G. &amp; Wilhelmer, B. (Hrsg.) (1983). <em>Bewu\u00dft-Sein f\u00fcr den Frieden: 1. Friedenskongre\u00df psychosozialer Berufe.<\/em> Weinheim: Beltz.<\/p>\n<p>Frindte, W. (Hrsg.) (1995). <em>Jugendlicher Rechtsextremismus und Gewalt zwischen Mythos und Wirklichkeit: Sozialpsychologische Untersuchungen.<\/em> M\u00fcnster: Lit. [<a href=\"http:\/\/www.lit-verlag.de\/isbn\/3-8258-2411-X\">Buch<\/a>]<\/p>\n<p>Frindte, W., Fahrig, T. &amp; K\u00f6hler, T. (Hrsg.) (1997). <em>Deutsch-deutsche Sprachspiele.<\/em> M\u00fcnster: Lit.<\/p>\n<p>Kempf, W. (Hrsg.) (1991). <em>Verdeckte Gewalt: Psychosoziale Folgen der Kriegsf\u00fchrung niedriger Intensit\u00e4t in Zentralamerika.<\/em> Hamburg: Argument.<\/p>\n<p>Kempf, W., Frindte, W., Sommer, G. &amp; Spreiter, M. (Hrsg.) (1993). <em>Gewaltfreie Konfliktl\u00f6sungen: Interdisziplin\u00e4re Beitr\u00e4ge zu Theorie und Praxis friedlicher Konfliktbearbeitung.<\/em> Heidelberg: Asanger. [<a href=\"http:\/\/www.asanger.de\/titeluebersicht\/kulturumwelt\/gewaltfreiekonfliktloesungen.php\">Buch<\/a>]<\/p>\n<p>Kempf, W. &amp; Schmidt-Regener, I. (Hrsg.) (1998). <em>Krieg, Nationalismus, Rassismus und die Medien.<\/em> M\u00fcnster: Lit. [<a href=\"http:\/\/www.lit-verlag.de\/isbn\/3-8258-3592-8\">Buch<\/a>]<\/p>\n<p>Richter, J. (Hrsg.) (2001). <em>Deutschland: (un)bew\u00e4ltigte Vergangenheiten: 13. Tagung des Forums Friedenspsychologie.<\/em> T\u00fcbingen: dgvt-Verlag. [<a href=\"http:\/\/www.dgvt-verlag.de\/\">Link<\/a>]<\/p>\n<p>Sommer, G., Becker, J. M., Rehbein, K. &amp; Zimmermann, R. (Hrsg.) (1986). <em>Feindbilder im Dienste der Aufr\u00fcstung: Beitr\u00e4ge aus Psychologie und anderen Humanwissenschaften.<\/em> Marburg: Arbeitskreis Marburger Wissenschaftler f\u00fcr Friedens- und Abr\u00fcstungsforschung.<\/p>\n<p>Sommer, G. &amp; B\u00f6rner, A. (Hrsg.) (1985). <em>Vorkrieg oder Panikmache?<\/em> T\u00fcbingen: dgvt-Verlag.<\/p>\n<p>Sommer, G., Stellmacher, J. &amp; Wagner, U. (Hrsg.) (1999). <em>Menschenrechte und Frieden: Aktuelle Beitr\u00e4ge und Debatten.<\/em> Marburg: Interdisziplin\u00e4re Arbeitsgruppe f\u00fcr Friedens- und Abr\u00fcstungsforschung an der Philipps-Universit\u00e4t Marburg.<\/p>\n","protected":false},"excerpt":{"rendered":"<p>Boehnke, K., Fu\u00df, D. &amp; Hagan, J. (Hrsg.) (2002). Jugendgewalt und Rechtsextremismus: Soziologische und psychologische Analysen in internationaler Perspektive. Weinheim: Juventa. [Rezension bei socialnet] Boehnke,&hellip;<\/p>\n","protected":false},"author":1,"featured_media":0,"parent":86,"menu_order":0,"comment_status":"closed","ping_status":"closed","template":"","meta":[],"_links":{"self":[{"href":"https:\/\/www.friedenspsychologie.de\/index.php?rest_route=\/wp\/v2\/pages\/422"}],"collection":[{"href":"https:\/\/www.friedenspsychologie.de\/index.php?rest_route=\/wp\/v2\/pages"}],"about":[{"href":"https:\/\/www.friedenspsychologie.de\/index.php?rest_route=\/wp\/v2\/types\/page"}],"author":[{"embeddable":true,"href":"https:\/\/www.friedenspsychologie.de\/index.php?rest_route=\/wp\/v2\/users\/1"}],"replies":[{"embeddable":true,"href":"https:\/\/www.friedenspsychologie.de\/index.php?rest_route=%2Fwp%2Fv2%2Fcomments&post=422"}],"version-history":[{"count":1,"href":"https:\/\/www.friedenspsychologie.de\/index.php?rest_route=\/wp\/v2\/pages\/422\/revisions"}],"predecessor-version":[{"id":423,"href":"https:\/\/www.friedenspsychologie.de\/index.php?rest_route=\/wp\/v2\/pages\/422\/revisions\/423"}],"up":[{"embeddable":true,"href":"https:\/\/www.friedenspsychologie.de\/index.php?rest_route=\/wp\/v2\/pages\/86"}],"wp:attachment":[{"href":"https:\/\/www.friedenspsychologie.de\/index.php?rest_route=%2Fwp%2Fv2%2Fmedia&parent=422"}],"curies":[{"name":"wp","href":"https:\/\/api.w.org\/{rel}","templated":true}]}}