{"id":413,"date":"2017-06-28T14:53:46","date_gmt":"2017-06-28T14:53:46","guid":{"rendered":"http:\/\/www.friedenspsychologie.de\/?page_id=413"},"modified":"2019-07-02T19:49:50","modified_gmt":"2019-07-02T19:49:50","slug":"konfliktberichterstattung-und-friedensjournalismus","status":"publish","type":"page","link":"https:\/\/www.friedenspsychologie.de\/?page_id=413","title":{"rendered":"Konfliktberichterstattung und Friedensjournalismus"},"content":{"rendered":"<p>Jaeger, S. &amp; Kempf, W. (2001). Kognitive Repr\u00e4sentation inner- und zwischengesellschaftlicher Konflikte in den Nachrichtenmedien als Katalysator von peace enforcement und peace building. <em>Osnabr\u00fccker Jahrbuch Frieden und Wissenschaft VIII\/2001.<\/em> Osnabr\u00fcck: Universit\u00e4tsverlag Rasch.<\/p>\n<p>Kempf, W. (Hrsg.) (1994). <em>Manipulierte Wirklichkeiten. Medienpsychologische Untersuchungen der bundesdeutschen Presseberichterstattung im Golfkrieg.<\/em> M\u00fcnster: LIT. [<a href=\"http:\/\/www.litverlag.de\/isbn\/3-8258-2029-7\">Abstract<\/a>]<\/p>\n<p>Kempf, W. (1996). Konfliktberichterstattung zwischen Eskalation und Deeskalation. <em>Wissenschaft und Frieden, 14<\/em> (2), 51-54. [<a href=\"http:\/\/www.wissenschaft-und-frieden.de\/seite.php?artikelID=1156\">Artikel<\/a>]<\/p>\n<p>Kempf, W. (1997). Latent styles of German newspaper coverage of allied PoWs during the Gulf War. In J. Rost &amp; R. Langeheine (Eds.), <em>Applications of latent trait and latent class models in the social sciences<\/em> (S. 233-254). M\u00fcnster: Waxmann.<\/p>\n<p>Kempf, W. (1999). Konfliktpr\u00e4vention und Medien. In \u00d6SFK (Hrsg.). <em>Friedensbericht 1999. Krisenpr\u00e4vention. Theorie und Praxis ziviler Konfliktbearbeitung.<\/em> Z\u00fcrich: R\u00fcegger. [<a href=\"http:\/\/www.rueggerverlag.ch\/page\/verzeichnis\/detail.cfm?CFID=74055629&amp;CFTOKEN=56462737&amp;id=218\">Artikel<\/a>]<\/p>\n<p>Kempf, W. (2001). News media and conflict escalation \u2013 a comparative study of the Gulf War coverage in American and European media. In S. A. Nohrstedt &amp; R. Ottosen (Eds), <em>Journalism and the new world order. Vol. I: Gulf War, national news discourses and globalization<\/em> (pp. 149-174). G\u00f6teborg: Nordicom. [<a href=\"http:\/\/www.nordicom.gu.se\/eng.php?portal=publ&amp;main=info_publ2.php&amp;ex=71\">Buch<\/a>]<\/p>\n<p>Kempf, W. (2002). Conflict coverage and conflict escalation. In W. Kempf &amp; H. Luostarinen (Eds.), <em>Journalism and the new world order. Vol. II: Studying war and the media <\/em>(pp. 59-72). G\u00f6teborg: Nordicom.<\/p>\n<p>Kempf, W. (2002). Escalating and deescalating aspects in the coverage of the Bosnia conflict \u2013 a comparative study. In W. Kempf &amp; H. Luostarinen (Eds.). <em>Journalism and the new world order. Vol. II: Studying war and the media<\/em> (pp. 227-255). G\u00f6teborg: Nordicom. [<a href=\"http:\/\/www.nordicom.gu.se\/eng.php?portal=publ&amp;main=info_publ2.php&amp;ex=68\">Buch<\/a>]<\/p>\n<p>Kempf, W. (2003). Constructive conflict coverage \u2013 A social psychological approach. Edited by the Austrian Study Centre for Peace and Conflict Resolution (ASPR). Berlin: regener.<\/p>\n<p>Kempf, W. (2003). Constructive conflict coverage \u2013 A social-psychological research and development program. <em>Conflict &amp; communication online, 2<\/em> (2). [<a href=\"http:\/\/www.cco.regener-online.de\/\">Zeitschrift<\/a>]<\/p>\n<p>Kempf, W. (2004). Friedensjournalismus. In Sommer, G. &amp; Fuchs, A. (Hrsg.), <em>Krieg und Frieden: Handbuch der Konflikt- und Friedenspsychologie<\/em> (S. 439-451). Weinheim: Beltz. [<a href=\"http:\/\/www.beltz.de\/html\/frm_suche.htm\">Book<\/a>]<\/p>\n<p>Kempf, W. (2005). Two experiments focusing on de-escalation oriented coverage of post-war conflicts. <em>Conflict &amp; communication online, 4<\/em> (2). [<a href=\"http:\/\/www.cco.regener-online.de\/\">Zeitschrift<\/a>]<\/p>\n<p>Kempf, W. (2007). Peace journalism: A tightrope walk between advocacy journalism and constructive conflict coverage. <em>Conflict &amp; communication online, 6<\/em> (2). [<a href=\"http:\/\/www.cco.regener-online.de\/\">Zeitschrift<\/a>]<\/p>\n<p>Kempf, W. (2008). Medien und Umsetzung der Friedenspolitik. In \u00d6SFK (Hrsg.), <em>Europ\u00e4ische Friedenspolitik.<\/em> M\u00fcnster: Lit.<\/p>\n<p>Kempf, W. &amp; Guti\u00e9rrez Villalobos, S. (2001). <em>Los medios y la cultura de paz. Berlin: regener.<\/em> [<a href=\"http:\/\/www.regener-online.de\/books\/beschr\/3-936014-00-0.php?nachname=Kempf%2C+Wilhelm&amp;vorname=%26+Sonia+Guti%E9rrez+Villalobos&amp;titel=Los+Medios+y+la+Cultura+de+Paz&amp;isbn=3-936014-00-0&amp;preisd=%2F&amp;preisp=19%2C80\">Abstract<\/a>]<\/p>\n<p>Kempf, W. &amp; Luostarinen, H. (Eds.) (2002). <em>Journalism and the new world order. Vol. II: Studying war and the media.<\/em> G\u00f6teborg: Nordicom. [<a href=\"http:\/\/www.nordicom.gu.se\/eng.php?portal=publ&amp;main=info_publ2.php&amp;ex=68\">Buch<\/a>]<\/p>\n<p>Kempf, W., Reimann, M. &amp; Luostarinen, H. (2001). New world order rhetoric in US and European media. In S. A. Nohrstedt &amp; R. Ottosen (Eds.), <em>Journalism and the new world order. Vol. I: Gulf War, national news discourses and globalization<\/em> (pp. 125-148). G\u00f6teborg: Nordicom. [<a href=\"http:\/\/www.nordicom.gu.se\/eng.php?portal=publ&amp;main=info_publ2.php&amp;ex=71\">Buch<\/a>]<\/p>\n<p>Kempf, W., &amp; Shinar, D. (Eds.) (2014). <em>The Israeli-Palestinian Conflict: War coverage and peace journalism.<\/em> Berlin: regener.<\/p>\n<p>Projektgruppe Friedensforschung Konstanz (Hrsg.) (2005). <em>Nachrichtenmedien als Mediatoren von Peace-Building, Demokratisierung und Vers\u00f6hnung in Nachkriegsgesellschaften.<\/em> Berlin: regener. [<a href=\"http:\/\/www.regener-online.de\/books\/beschr\/3-936014-05-1.php?nachname=Projektgruppe+Friedensforschung&amp;vorname=Konstanz&amp;titel=Nachrichtenmedien+als+Mediatoren+von+Peace-Building%2C+Demokratisierung+und+Vers%F6hnung&amp;isbn=3-936014-05-1&amp;preisd=%2F&amp;preisp=34%2C80\">Abstract<\/a>]<\/p>\n<p>Shinar, D. &amp; Kempf, W. (Eds.) (2007). <em>Peace journalism: The state of the art.<\/em> Berlin: regener. [<a href=\"http:\/\/www.regener-online.de\/books\/beschr\/9783936014129.php?nachname=Shinar%2C+Dov&amp;vorname=%26+Wilhelm+Kempf+%28eds.%29&amp;titel=Peace+Journalism%3A+The+State+of+the+Art&amp;isbn=9783936014129&amp;preisd=%2F&amp;preisp=34%2C80\">Abstract<\/a>]<\/p>\n","protected":false},"excerpt":{"rendered":"<p>Jaeger, S. &amp; Kempf, W. (2001). Kognitive Repr\u00e4sentation inner- und zwischengesellschaftlicher Konflikte in den Nachrichtenmedien als Katalysator von peace enforcement und peace building. Osnabr\u00fccker Jahrbuch&hellip;<\/p>\n","protected":false},"author":1,"featured_media":0,"parent":86,"menu_order":0,"comment_status":"closed","ping_status":"closed","template":"","meta":[],"_links":{"self":[{"href":"https:\/\/www.friedenspsychologie.de\/index.php?rest_route=\/wp\/v2\/pages\/413"}],"collection":[{"href":"https:\/\/www.friedenspsychologie.de\/index.php?rest_route=\/wp\/v2\/pages"}],"about":[{"href":"https:\/\/www.friedenspsychologie.de\/index.php?rest_route=\/wp\/v2\/types\/page"}],"author":[{"embeddable":true,"href":"https:\/\/www.friedenspsychologie.de\/index.php?rest_route=\/wp\/v2\/users\/1"}],"replies":[{"embeddable":true,"href":"https:\/\/www.friedenspsychologie.de\/index.php?rest_route=%2Fwp%2Fv2%2Fcomments&post=413"}],"version-history":[{"count":1,"href":"https:\/\/www.friedenspsychologie.de\/index.php?rest_route=\/wp\/v2\/pages\/413\/revisions"}],"predecessor-version":[{"id":414,"href":"https:\/\/www.friedenspsychologie.de\/index.php?rest_route=\/wp\/v2\/pages\/413\/revisions\/414"}],"up":[{"embeddable":true,"href":"https:\/\/www.friedenspsychologie.de\/index.php?rest_route=\/wp\/v2\/pages\/86"}],"wp:attachment":[{"href":"https:\/\/www.friedenspsychologie.de\/index.php?rest_route=%2Fwp%2Fv2%2Fmedia&parent=413"}],"curies":[{"name":"wp","href":"https:\/\/api.w.org\/{rel}","templated":true}]}}