{"id":409,"date":"2017-06-28T14:50:51","date_gmt":"2017-06-28T14:50:51","guid":{"rendered":"http:\/\/www.friedenspsychologie.de\/?page_id=409"},"modified":"2019-07-02T20:03:26","modified_gmt":"2019-07-02T20:03:26","slug":"konfliktdynamik-und-konstruktive-konfliktbearbeitung","status":"publish","type":"page","link":"https:\/\/www.friedenspsychologie.de\/?page_id=409","title":{"rendered":"Konfliktdynamik und konstruktive Konfliktbearbeitung"},"content":{"rendered":"<p>Behn, S., K\u00fcgler, N., Lembeck, H.-J., Pleiger, D., Schaffranke, D, Schroer, M. &amp; Wink, S. (2006). <em>Mediation an Schulen. Eine bundesdeutsche Evaluation.<\/em> Wiesbaden: VS Verlag f\u00fcr Sozialwissenschaften. [<a href=\"http:\/\/www.vsjournals.de\/index.php;do=show_article\/id=2263\/alloc=185\/site=sze\/sid=b9a7800405631a5c003521adc9d19586\/site=sze\">Buch<\/a>]<\/p>\n<p>Behn, S. &amp; Schroer, M. (2007). Mediation an Schulen \u2013 eine bundesdeutsche Evaluation, <em>Zeitschrift f\u00fcr Konfliktmanagement<\/em>, 1\/2007, 8-11. [<a href=\"http:\/\/shop.otto-schmidt.de\/epages\/ovs.storefront\/DE\/Product\/1439-2127?CatNo=9163\">Zeitschrift<\/a>]<\/p>\n<p>Blum, I., Koch, S. &amp; Hall, X.(2010). <em>Dialogue on nuclear disarmament with decision-makers<\/em>. IPPNW booklet for the IPPNW World Congress in Basel, Switzerland, August 25-30 2010. [<a href=\"http:\/\/www.ippnw.de\/atomwaffen\/atomwaffen-abschaffen\/artikel\/2654a9b5d7\/gibt-es-gute-gruende-fuer-atomwaffen.html\">Artikel<\/a>]<\/p>\n<p>Harnack, K. (2019). Konkretes und abstraktes Denken \u2013 Ein Werkzeug des Konfliktmanagements. <i>Zeitschrift f\u00fcr Konfliktmanagement<\/i>, 22(3), pp. 80-84. doi:10.9785\/zkm-2019-220303<\/p>\n<p><span class=\"fodb_authors\">Harnack,K<\/span><span class=\"non_et_alii\">.<\/span> (<time>2018<\/time>). <cite class=\"typonormal\"><a class=\"ext\" href=\"https:\/\/link.springer.com\/referenceworkentry\/10.1007\/978-3-662-49657-2_26-1\" target=\"_blank\" rel=\"noopener\">Der Mediator: Katalysator der Mediation<\/a><\/cite>. In <span class=\"fodb_authors\">Kracht S, Niedostadek A, Sensburg P<\/span> (<abbr title=\"Herausgeber\">Hrsg.<\/abbr>), <em>Praxishandbuch Professionelle Mediation<\/em> (<abbr title=\"Seite\">S.<\/abbr>\u00a01-11). Berlin: Springer Reference<\/p>\n<p>Jaeger, S. &amp; Kempf, W. (2003). Ursachen und Entwicklungsperspektiven von Konflikt und Gewalt. Perspektiven f\u00fcr eine europ\u00e4ische Friedenspolitik. In W.-D. Eberwein (Koord.), <em>Europ\u00e4ische Friedenspolitik \u2013 Politik einer Friedensmacht?<\/em> (S. 68-88). M\u00fcnster: agenda<\/p>\n<p>Kempf, W. (1994). Argumentative Konfliktbearbeitung. In J. Callie\u00df &amp; M. Merkel (Eds.), <em>Peaceful settlement of conflict: A task for civil society: \u201eThird party intervention\u201c.<\/em> Rehburg-Loccum: Evangelische Akademie Loccum.<\/p>\n<p>Kempf, W. (1998). Konfliktvermittlung durch Mediation. In G. Sommer &amp; R. Zimmermann (Hrsg.), <em>Gewaltfreie Konfliktaustragungen. Interdisziplin\u00e4re Beitr\u00e4ge zur Friedens- und Konfliktforschung<\/em> (S. 46-57). Marburg: IAFA.<\/p>\n<p>Kempf, W. (Koord.) (2000). <em>Konflikt und Gewalt<\/em> (hrsg. vom \u00d6sterreichischen Studienzentrum f\u00fcr Frieden und Konfliktl\u00f6sung; \u00d6SFK). M\u00fcnster: agenda.<\/p>\n<p>Kempf, W. (2001). Informationsstrukturen als Barrieren ziviler Konfliktbearbeitung \u2013 eine Bestandsaufnahme. In A. Truger (Koord.), <em>Zivile Konfliktbearbeitung<\/em> (S. 229-244). M\u00fcnster: agenda<\/p>\n<p>Kempf, W. &amp; Aschenbach, G. (Hrsg.) (1981). <em>Konflikt und Konfliktbew\u00e4ltigung. Handlungstheoretische Aspekte einer praxisorientierten psychologischen Forschung.<\/em> Bern: Huber.<\/p>\n<p>Koch, S. (2010). Gute Gr\u00fcnde f\u00fcr Nuklearwaffen? Gespr\u00e4che mit politischen Akteuren und Akteurinnen. <em>Wissenschaft und Frieden, 28<\/em> (4), 66-69. [<a href=\"http:\/\/www.wissenschaft-und-frieden.de\/index.php?mid=1&amp;pid=11&amp;avar=1143#n1143\">Artikel<\/a>]<\/p>\n<p>Peleg, S. &amp; Kempf, W. (Eds.) ( 2006). Fighting terrorism in the liberal state: An integrated model of research. <em>Intelligence and International Law.<\/em> Amsterdam: IOS-Press. [<a href=\"http:\/\/www.iospress.nl\/loadtop\/load.php?isbn=9781586036003\">Buch<\/a>]<\/p>\n<p>Sommer, G. &amp; Zimmermann (Hrsg.) (1998). <em>Gewaltfreie Konfliktaustragungen.<\/em> Marburg: Arbeitskreis Marburger Wissenschaftler f\u00fcr Friedens- und Abr\u00fcstungsforschung.<\/p>\n<p>Wagner, U. &amp; Stellmacher, J. (2004). Intergruppenprozesse. In G. Sommer &amp; A. Fuchs (Hrsg.), <em>Krieg und Frieden: Handbuch der Konflikt- und Friedenspsychologie<\/em> (S. 156-168). Weinheim: Beltz. [<a href=\"http:\/\/www.beltz.de\/html\/frm_suche.htm\">Buch<\/a>]<\/p>\n","protected":false},"excerpt":{"rendered":"<p>Behn, S., K\u00fcgler, N., Lembeck, H.-J., Pleiger, D., Schaffranke, D, Schroer, M. &amp; Wink, S. (2006). Mediation an Schulen. Eine bundesdeutsche Evaluation. Wiesbaden: VS Verlag&hellip;<\/p>\n","protected":false},"author":1,"featured_media":0,"parent":86,"menu_order":0,"comment_status":"closed","ping_status":"closed","template":"","meta":[],"_links":{"self":[{"href":"https:\/\/www.friedenspsychologie.de\/index.php?rest_route=\/wp\/v2\/pages\/409"}],"collection":[{"href":"https:\/\/www.friedenspsychologie.de\/index.php?rest_route=\/wp\/v2\/pages"}],"about":[{"href":"https:\/\/www.friedenspsychologie.de\/index.php?rest_route=\/wp\/v2\/types\/page"}],"author":[{"embeddable":true,"href":"https:\/\/www.friedenspsychologie.de\/index.php?rest_route=\/wp\/v2\/users\/1"}],"replies":[{"embeddable":true,"href":"https:\/\/www.friedenspsychologie.de\/index.php?rest_route=%2Fwp%2Fv2%2Fcomments&post=409"}],"version-history":[{"count":4,"href":"https:\/\/www.friedenspsychologie.de\/index.php?rest_route=\/wp\/v2\/pages\/409\/revisions"}],"predecessor-version":[{"id":844,"href":"https:\/\/www.friedenspsychologie.de\/index.php?rest_route=\/wp\/v2\/pages\/409\/revisions\/844"}],"up":[{"embeddable":true,"href":"https:\/\/www.friedenspsychologie.de\/index.php?rest_route=\/wp\/v2\/pages\/86"}],"wp:attachment":[{"href":"https:\/\/www.friedenspsychologie.de\/index.php?rest_route=%2Fwp%2Fv2%2Fmedia&parent=409"}],"curies":[{"name":"wp","href":"https:\/\/api.w.org\/{rel}","templated":true}]}}