{"id":407,"date":"2017-06-28T14:50:01","date_gmt":"2017-06-28T14:50:01","guid":{"rendered":"http:\/\/www.friedenspsychologie.de\/?page_id=407"},"modified":"2019-07-04T11:31:07","modified_gmt":"2019-07-04T11:31:07","slug":"menschenrechte-und-menschenrechtsverletzungen","status":"publish","type":"page","link":"https:\/\/www.friedenspsychologie.de\/?page_id=407","title":{"rendered":"Menschenrechte und Menschenrechtsverletzungen"},"content":{"rendered":"<p>Cohrs, J. C., Kielmann, S., Maes, J. &amp; Moschner, B. (2005). Effects of right-wing authoritarianism and threat from terrorism on restriction of civil liberties. <em>Analyses of Social Issues and Public Policy, 5<\/em>, 263-276. [<a href=\"http:\/\/www.blackwell-synergy.com\/doi\/abs\/10.1111\/j.1530-2415.2005.00071.x\">Abstract<\/a>]<\/p>\n<p>Cohrs, J. C., Maes, J., Kielmann, S. &amp; Moschner, B. (2007). Determinants of human rights attitudes and behavior: A comparison and integration of psychological perspectives. <em>Political Psychology, 28<\/em>, 441-469. [<a href=\"http:\/\/www.blackwell-synergy.com\/doi\/abs\/10.1111\/j.1467-9221.2007.00581.x\">Abstract<\/a>]<\/p>\n<p>Fuchs, A. (2005). Weltfrieden durch ein Weltethos? Frieden mit friedlichen Mitteln! <em>Wissenschaft und Frieden, 23<\/em> (1), 49-53. [<a href=\"http:\/\/www.wissenschaft-und-frieden.de\/seite.php?artikelID=0356\">Artikel<\/a>]<\/p>\n<p>Haspel, M. &amp; Sommer, G. (2004). Menschenrechte und Friedensethik. In G. Sommer &amp; A. Fuchs (Hrsg.), <em>Krieg und Frieden. Handbuch der Konflikt- und Friedenspsychologie<\/em> (S. 57-75). Weinheim: Beltz. [<a href=\"http:\/\/www.beltz.de\/html\/frm_suche.htm\">Buch<\/a>]<\/p>\n<p>Kempf, W. (1988). Zur Sozialpsychologie von Folter und Menschenrechtsverletzungnen. <em>Zeitschrift f\u00fcr Sozialpsychologie und Gruppendynamik, 13<\/em> (4), 3-12.<\/p>\n<p>Kempf, W. (1990). Der Kampf um die Menschenrechte in Lateinamerika: Einige Hindernisse seiner Wahrnehmung in Europa. In H. Riquelme (Hrsg.). <em>Zeitlandschaft im Nebel. Menschenrechte, Staatsterrorismus und psychosoziale Gesundheit in S\u00fcdamerika<\/em> (S. 202-206) Frankfurt a. Main: Vervuert.<\/p>\n<p>Kempf, W. (1998). Menschenrechte im Kriege. In R. Mandavi &amp; J. Vandr\u00e9. (Hrsg.), <em>Wie man Menschen von Menschen unterscheidet. Praktiken der Diskrimination, Kriminalisierung, Illegalisierung<\/em> (S. 59-69). M\u00fcnster: LIT-Verlag. [<a href=\"http:\/\/www.litverlag.de\/isbn\/3-8258-3550-2\">Link zum Buch<\/a>]<\/p>\n<p>Sommer, G. (1997). Menschenrechte und Friedenskultur. In W. R. Vogt &amp; E. Jung (Hrsg.), <em>Kultur des Friedens \u2013 Wege zu einer Welt ohne Krieg<\/em> (S. 85-88). Darmstadt: Wissenschaftliche Buchgesellschaft.<\/p>\n<p>Sommer, G., Stellmacher, J. &amp; Br\u00e4hler, E. (2003). Menschenrechte: Wissen, Wichtigkeit und Einsatzbereitschaft \u2013 Ergebnisse einer repr\u00e4sentativen Befragung in Deutschland. <em>Verhaltenstherapie &amp; psychosoziale Praxis, 35<\/em>, 361-382. [<a href=\"http:\/\/www.dgvt-verlag.de\/index.html?zeitschriften.php%7EMain\">Zeitschrift<\/a>]<\/p>\n<p>Sommer, G., Stellmacher, J. &amp; Br\u00e4hler, E. (2005). Menschenrechte in Deutschland: Wissen, Einstellungen und Handlungsbereitschaft. In S. Frech &amp; M. Haspel (Hrsg.), <em>Menschenrechte<\/em> (S. 211-230). Schwalbach: Wochenschau.<\/p>\n<p>Sommer, G., Stellmacher, J. &amp; Wagner, U. (Hrsg.) (1999). <em>Menschenrechte und Frieden: Aktuelle Beitr\u00e4ge und Debatten.<\/em> Marburg: Interdisziplin\u00e4re Arbeitsgruppe f\u00fcr Friedens- und Abr\u00fcstungsforschung an der Philipps-Universit\u00e4t Marburg.<\/p>\n<p>Sommer, G. (2017). Friedenspsychologie und Menschenrechte. In D. Becher &amp; A. B\u00e4r (Hrsg.), Krieg und Frieden. (S. 285-316) Leipzig: Edition Hamuda.<\/p>\n<p>Sommer, G. &amp; Stellmacher, J. (2009). Menschenrechte und Menschenrechtsbildung. Wiesbaden: Verlag f\u00fcr Sozialwissenschaften.<\/p>\n<p>Sommer, G &amp; Stellmacher, J.\u00a0<span style=\"display: inline !important; float: none; background-color: transparent; color: #222222; cursor: text; font-family: 'Open Sans',Tahoma,Verdana,Segoe,sans-serif; font-size: 16px; font-style: normal; font-variant: normal; font-weight: 400; letter-spacing: normal; orphans: 2; text-align: left; text-decoration: none; text-indent: 0px; text-transform: none; -webkit-text-stroke-width: 0px; white-space: normal; word-spacing: 0px;\">(2016).<\/span> Menschenrechte, Menschenrechtsverletzungen und Menschenrechtsmissbrauch. In K.-J. Bruder, C. Bialluch &amp; J. Hein (Hrsg.). Krieg um die K\u00f6pfe (S. 85-100). Gie\u00dfen: Psychosozial Verlag.<\/p>\n<p>Stellmacher, J. &amp; Sommer, G. (2016). Menschenrechte und Menschenrechtsverletzungen: Psychologische Aspekte der Wahrnehmung und Bewertung. Schlussfolgerungen empirischer Studien f\u00fcr die Menschenrechtsbildung. In S. Weyers &amp; N. K\u00f6bel (Hrsg.): Bildung und Menschenrechte (S. 179-204). Wiesbaden: Springer.<\/p>\n<p>Stellmacher, J., Petzel, T. &amp; Sommer, G. (2002). Autoritarismus und Einstellung zu Menschenrechten im Ost-West-Vergleich. In K. Boehnke, D. Fu\u00df &amp; J. Hagan (Hrsg.), <em>Jugendgewalt und Rechtsextremismus. Soziologische und psychologische Analysen in internationaler Perspektive<\/em> (S. 93-118). Weinheim: Juventa.<\/p>\n<p>Stellmacher, J. &amp; Sommer, G. (2008). Human rights education. An evaluation of university seminars. <em>Social Psychology, 39<\/em> (1), 70-80. [<a href=\"http:\/\/www.psycontent.com\/content\/f017640551525uqn\/?p=3e641ac26898495eb39e06e0bc858f23&amp;pi=8\">Abstract<\/a>]<\/p>\n<p>Stellmacher, J., Sommer, G. &amp; Br\u00e4hler, E. (2005). Human Rights: Knowledge, importance and support \u2013 Results of two representative studies in Germany. <em>Peace and Conflict: Journal of Peace Psychology, 11<\/em>, 267-292. [<a href=\"http:\/\/www.informaworld.com\/smpp\/title~content=t775653690\">Zeitschrift<\/a>]<\/p>\n<p>Stellmacher, J., Sommer, G. &amp; Imbeck, J. (2003). Psychologische Ans\u00e4tze zu einer positiven Menschenrechtserziehung \u2013 Determinanten der Einsatzbereitschaft f\u00fcr die Einhaltung von Menschenrechten. In E. H. Witte (Hrsg.), <em>Sozialpsychologie politischer Prozesse<\/em> (S. 143-166). Lengerich: Pabst. [<a href=\"http:\/\/www.pabst-publishers.de\/Psychologie\/Buecher\/3899670310.htm\">Buch<\/a>]<\/p>\n","protected":false},"excerpt":{"rendered":"<p>Cohrs, J. C., Kielmann, S., Maes, J. &amp; Moschner, B. (2005). Effects of right-wing authoritarianism and threat from terrorism on restriction of civil liberties. Analyses&hellip;<\/p>\n","protected":false},"author":1,"featured_media":0,"parent":86,"menu_order":0,"comment_status":"closed","ping_status":"closed","template":"","meta":[],"_links":{"self":[{"href":"https:\/\/www.friedenspsychologie.de\/index.php?rest_route=\/wp\/v2\/pages\/407"}],"collection":[{"href":"https:\/\/www.friedenspsychologie.de\/index.php?rest_route=\/wp\/v2\/pages"}],"about":[{"href":"https:\/\/www.friedenspsychologie.de\/index.php?rest_route=\/wp\/v2\/types\/page"}],"author":[{"embeddable":true,"href":"https:\/\/www.friedenspsychologie.de\/index.php?rest_route=\/wp\/v2\/users\/1"}],"replies":[{"embeddable":true,"href":"https:\/\/www.friedenspsychologie.de\/index.php?rest_route=%2Fwp%2Fv2%2Fcomments&post=407"}],"version-history":[{"count":4,"href":"https:\/\/www.friedenspsychologie.de\/index.php?rest_route=\/wp\/v2\/pages\/407\/revisions"}],"predecessor-version":[{"id":520,"href":"https:\/\/www.friedenspsychologie.de\/index.php?rest_route=\/wp\/v2\/pages\/407\/revisions\/520"}],"up":[{"embeddable":true,"href":"https:\/\/www.friedenspsychologie.de\/index.php?rest_route=\/wp\/v2\/pages\/86"}],"wp:attachment":[{"href":"https:\/\/www.friedenspsychologie.de\/index.php?rest_route=%2Fwp%2Fv2%2Fmedia&parent=407"}],"curies":[{"name":"wp","href":"https:\/\/api.w.org\/{rel}","templated":true}]}}