{"id":404,"date":"2017-06-28T14:49:02","date_gmt":"2017-06-28T14:49:02","guid":{"rendered":"http:\/\/www.friedenspsychologie.de\/?page_id=404"},"modified":"2017-06-28T14:49:02","modified_gmt":"2017-06-28T14:49:02","slug":"militar-krieg-und-militarische-interventionen","status":"publish","type":"page","link":"https:\/\/www.friedenspsychologie.de\/?page_id=404","title":{"rendered":"Milit\u00e4r, Krieg und milit\u00e4rische Interventionen"},"content":{"rendered":"<p>Becker, J. M. &amp; Sommer, G. (Eds.) (2012). <em>Der Libyen-Krieg: Das \u00d6l und die \u201eVerantwortung zu sch\u00fctzen\u201c.<\/em> Berlin: LIT-Verlag. [<a href=\"http:\/\/www.lit-verlag.de\/isbn\/3-643-11531-7\">Buch<\/a>]<\/p>\n<p>Cohrs, J. C. (2000). Die Beurteilung des Kosovo-Kriegs im Kontext relevanten politischen Wissens. <em>Wissenschaft und Frieden, 18<\/em> (4), 60-62. [<a href=\"http:\/\/www.wissenschaft-und-frieden.de\/seite.php?artikelID=0079\">Artikel<\/a>]<\/p>\n<p>Cohrs, J. C. (2001). Ideologie, Propaganda und die moralische Beurteilung des Kosovo-Kriegs. In J. Richter (Hrsg.), <em>Deutschland: (un-)bew\u00e4ltigte Vergangenheiten. 13. Tagung des Forums Friedenspsychologie<\/em> (S. 173-178). T\u00fcbingen: dgvt-Verlag.<\/p>\n<p>Cohrs, J. C. (2004). Militarismus-Pazifismus als Einstellungsdimension. In G. Sommer &amp; A. Fuchs (Hrsg.), <em>Krieg und Frieden. Handbuch der Konflikt- und Friedenspsychologie<\/em> (S. 290-302). Weinheim: Beltz. [<a href=\"http:\/\/www.beltz.de\/html\/frm_suche.htm\">Buch<\/a>]<\/p>\n<p>Cohrs, J. C., Maes, J., Moschner, B. &amp; Kielmann, S. O. (2003). Patterns of justification of the United States\u2018 \u201eWar Against Terrorism\u201c in Afghanistan. <em>Psicolog\u00eda Pol\u00edtica, 27<\/em>, 105-117. [<a href=\"http:\/\/www.uv.es\/garzon\/psicologia%20politica\/N27.htm\">Abstract<\/a>]<\/p>\n<p>Cohrs, J. C. &amp; Moschner, B. (2002). Antiwar knowledge and generalized political attitudes as determinants of attitude toward the Kosovo <em>War. Peace and Conflict: Journal of Peace Psychology, 8<\/em>, 139-155. [<a href=\"http:\/\/www.leaonline.com\/doi\/abs\/10.1207\/S15327949PAC0802_03\">Abstract<\/a>]<\/p>\n<p>Cohrs, J. C. &amp; Moschner, B. (2002). Zur kognitiven Konstruktion von (Un-)Gerechtigkeit milit\u00e4rischer Gewalt: Die moralische Beurteilung des Kosovo-Kriegs. <em>Zeitschrift f\u00fcr Sozialpsychologie, 33<\/em>, 13-24. [<a href=\"http:\/\/www.psyjournals.com\/content\/71n2p7g6766975x3\">Abstract<\/a>]<\/p>\n<p>Cohrs, J. C., Moschner, B., Maes, J. &amp; Kielmann, S. (2005). Personal values and attitudes toward war. Peace and Conflict: <em>Journal of Peace Psychology, 11<\/em>, 293-312. [<a href=\"http:\/\/www.leaonline.com\/doi\/abs\/10.1207\/s15327949pac1103_5\">Abstract<\/a>]<\/p>\n<p>Fuchs, A. (1996). Wie wird milit\u00e4rische Gewalt zur \u201efriedensschaffenden Ma\u00dfnahme\u201c? Kognitionspsychologische Aspekte der moralischen Beurteilung der Intervention am Golf durch deutsche Bisch\u00f6fe. <em>Zeitschrift f\u00fcr Politische Psychologie, 4<\/em>, 319-336. [<a href=\"http:\/\/www.politische-psychologie.de\/Archiv\/abstracts\/fuchs_Jg4_3+4.html\">Abstract<\/a>]<\/p>\n<p>Fuchs, A. (1999). Mehr wert als das M\u00e4rchen vom Drachent\u00f6ter? Die bellum iustum-Lehre auf dem Pr\u00fcfstand der Empirie. In W. Vogt (Hrsg.), <em>Friedenskultur statt Kulturkampf<\/em> (S. 131-144). Baden-Baden: Nomos.<\/p>\n<p>Fuchs, A. (2003). Friedliche Stimme der Vernunft? Nachtrag zu Stellungnahmen christlicher Kirchen zum Irak-Konflikt. <em>Wissenschaft und Frieden, 21<\/em> (4), S. 68-71. [<a href=\"http:\/\/www.wissenschaft-und-frieden.de\/seite.php?artikelID=0283\">Artikel<\/a>]<\/p>\n<p>Fuchs, A. (2004). Vom \u201eneuen Denken\u201c zur \u201eneuen Weltordnung\u201c. In G. Sommer &amp; A. Fuchs (Hrsg.), <em>Krieg und Frieden. Handbuch der Konflikt- und Friedenspsychologie<\/em> (S. 237-249). Weinheim: Beltz. [<a href=\"http:\/\/www.beltz.de\/html\/frm_suche.htm\">Buch<\/a>]<\/p>\n<p>Fuchs, A. (2005), \u201eDer Glaube an das Milit\u00e4r versetzt Berge \u2026 von Menschen unter die Erde\u201c \u2013 Zum Anteil der Bev\u00f6lkerung am \u201eKrieg gegen die Bev\u00f6lkerung\u201c. <em>Wissenschaft und Frieden, 23<\/em> (3), 48-50. [<a href=\"http:\/\/www.wissenschaft-und-frieden.de\/seite.php?artikelID=0387\">Artikel<\/a>]<\/p>\n<p>Fuchs, A. (2006). Hochzeit von Unvereinbarkeiten? Zum Verh\u00e4ltnis von milit\u00e4rischer und ziviler Konfliktbearbeitung. <em>Wissenschaft und Frieden, 24<\/em> (4), 6-10. [<a href=\"http:\/\/www.wissenschaft-und-frieden.de\/seite.php?artikelID=0460\">Artikel<\/a>]<\/p>\n<p>Fuchs, A. (2008). Aus Gottes Frieden f\u00fcr gerechten Frieden \u2013 Ja und? Anmerkungen zur neuen Friedensdenkschrift der EKD. <em>Wissenschaft und Frieden, 26<\/em> (2), 55-59. [<a href=\"http:\/\/www.wissenschaft-und-frieden.de\/seite.php?artikelID=1472\">Artikel<\/a>]<\/p>\n<p>Fuchs, A. (2011). <em>\u201eF\u00fcr Recht und Frieden\u201c? Beitr\u00e4ge zum pazifistischen Widerspruch.<\/em> Belm-Vehrte: Sozio-Publishing. [<a href=\"http:\/\/www.sozio-publishing.de\/index.php?page=shop.product_details&amp;flypage=flypage_new.tpl&amp;product_id=35&amp;category_id=1&amp;option=com_virtuemart&amp;Itemid=59\">Buch<\/a>]<\/p>\n<p>Maurus, M. &amp; Kempf, W. (1987). Milit\u00e4r und Demokratie. Ergebnisse einer empirischen Studie zur Realit\u00e4tshaltigkeit des Prinzips der Inneren F\u00fchrung im Erleben von Wehrpflichtigen. <em>Zeitschrift f\u00fcr Sozialpsychologie und Gruppendynamik, 12<\/em> (2), 6-22.<\/p>\n<p>Sommer, G. (2001). Menschenrechtsverletzungen als Legitimationsgrundlage des Jugoslawien-Kosovo-Krieges? In J. M. Becker &amp; G. Br\u00fccher (Hrsg.), <em>Der Jugoslawienkrieg \u2013 eine Zwischenbilanz<\/em> (S. 81-92). M\u00fcnster: Lit. [<a href=\"http:\/\/www.litverlag.de\/isbn\/3-8258-5520-1\">Buch<\/a>]<\/p>\n","protected":false},"excerpt":{"rendered":"<p>Becker, J. M. &amp; Sommer, G. (Eds.) (2012). Der Libyen-Krieg: Das \u00d6l und die \u201eVerantwortung zu sch\u00fctzen\u201c. Berlin: LIT-Verlag. [Buch] Cohrs, J. C. (2000). Die&hellip;<\/p>\n","protected":false},"author":1,"featured_media":0,"parent":86,"menu_order":0,"comment_status":"closed","ping_status":"closed","template":"","meta":[],"_links":{"self":[{"href":"https:\/\/www.friedenspsychologie.de\/index.php?rest_route=\/wp\/v2\/pages\/404"}],"collection":[{"href":"https:\/\/www.friedenspsychologie.de\/index.php?rest_route=\/wp\/v2\/pages"}],"about":[{"href":"https:\/\/www.friedenspsychologie.de\/index.php?rest_route=\/wp\/v2\/types\/page"}],"author":[{"embeddable":true,"href":"https:\/\/www.friedenspsychologie.de\/index.php?rest_route=\/wp\/v2\/users\/1"}],"replies":[{"embeddable":true,"href":"https:\/\/www.friedenspsychologie.de\/index.php?rest_route=%2Fwp%2Fv2%2Fcomments&post=404"}],"version-history":[{"count":1,"href":"https:\/\/www.friedenspsychologie.de\/index.php?rest_route=\/wp\/v2\/pages\/404\/revisions"}],"predecessor-version":[{"id":405,"href":"https:\/\/www.friedenspsychologie.de\/index.php?rest_route=\/wp\/v2\/pages\/404\/revisions\/405"}],"up":[{"embeddable":true,"href":"https:\/\/www.friedenspsychologie.de\/index.php?rest_route=\/wp\/v2\/pages\/86"}],"wp:attachment":[{"href":"https:\/\/www.friedenspsychologie.de\/index.php?rest_route=%2Fwp%2Fv2%2Fmedia&parent=404"}],"curies":[{"name":"wp","href":"https:\/\/api.w.org\/{rel}","templated":true}]}}