{"id":401,"date":"2017-06-28T14:48:11","date_gmt":"2017-06-28T14:48:11","guid":{"rendered":"http:\/\/www.friedenspsychologie.de\/?page_id=401"},"modified":"2019-07-02T19:48:03","modified_gmt":"2019-07-02T19:48:03","slug":"feindbilder-und-propaganda","status":"publish","type":"page","link":"https:\/\/www.friedenspsychologie.de\/?page_id=401","title":{"rendered":"Feindbilder und Propaganda"},"content":{"rendered":"<p>Frindte, W. &amp; Hau\u00dfecker, N. (Hrsg.) (2010). <em>Inszenierter Terrorismus: Mediale Konstruktionen und individuelle Interpretationen<\/em>. Wiesbaden: VS Verlag f\u00fcr Sozialwissenschaften. [<a href=\"http:\/\/www.vs-verlag.de\/Buch\/978-3-531-17551-5\/Inszenierter-Terrorismus.html\">Buch<\/a>]<\/p>\n<p>Fuchs, A. (1988). Sprache als psychologische Waffe. \u00dcber Strategien der Feindbildpropagierung. <em>Der Deutschunterricht, 40<\/em> (5), 25-41.<\/p>\n<p>Fuchs, A. (1990). <em>Zur Binnenstruktur von Feindbildern: Eine Fallstudie (Berichte aus der Arbeitseinheit Sozialpsychologie)<\/em>. Bochum: Ruhr-Universit\u00e4t Bochum.<\/p>\n<p>Kempf, W. (Hrsg.) (1990). <em>Medienkrieg oder \u201eDer Fall Nicaragua\u201c Politisch-psychologische Analysen \u00fcber US-Propaganda und psychologische Kriegsf\u00fchrung.<\/em> Hamburg: Argument.<\/p>\n<p>Sommer, G. &amp; Theobald, K. G. (1988). Feindbilder: Ihre Produktion und Funktionalisierung am Beispiel der Friedensnobelpreisverleihung an die IPPNW. In W. Popp (Hrsg.), <em>Aus der Bedrohung zum Handeln\u00a0<\/em>(S. 190-197). Berlin: H\u00f6vener.<\/p>\n<p>Sommer, G. (1987). Feindbild UdSSR und politisches Bewu\u00dftsein. In G. Sommer J. M. Becker, K. Rehbein &amp; R. Zimmermann (Hrsg.), <em>Feindbilder im Dienste der Aufr\u00fcstung<\/em> (S. 38-55). Marburg: Arbeitskreis Marburger Wissenschaftler f\u00fcr Friedens und Abr\u00fcstungsforschung.<\/p>\n<p>Sommer, G. (1989). Feindbilder und politisches Bewu\u00dftsein. <em>Psychosozial, 40,<\/em> 19-36.<\/p>\n<p>Sommer, G. (1992). Zur Psychologie von Feindbildern. In H. Voit (Hrsg.), <em>Geschichte ohne Feindbild?<\/em> (S. 13-31). Erlangen: Universit\u00e4t Erlangen-N\u00fcrnberg, Erlanger Forschungen.<\/p>\n<p>Sommer, G. (2002). Terrorismus, Afghanistankrieg und westliche Feindbilder. <em>Wissenschaft und Frieden<\/em>, 20 (1), 48-50. [<a href=\"http:\/\/www.wissenschaft-und-frieden.de\/seite.php?artikelID=0150\">Artikel<\/a>]<\/p>\n<p>Sommer, G. (2003). Chronik eines angek\u00fcndigten Krieges. <em>Verhaltenstherapie und Psychosoziale Praxis, 35<\/em>, 349-359. [<a href=\"http:\/\/www.dgvt-verlag.de\/index.html?zeitschriften.php%7EMain\">Zeitschrift<\/a>]<\/p>\n<p>Sommer, G. (2004) Feindbilder. In G. Sommer &amp; A. Fuchs (Hrsg.), <em>Krieg und Frieden. Handbuch der Konflikt- und Friedenspsychologie<\/em>(S. 303-316). Weinheim: Beltz [<a href=\"http:\/\/www.beltz.de\/html\/frm_suche.htm\">Buch<\/a>]<\/p>\n<p>Sommer, G. (2004), Einzelfall oder System? Folter in Abu Ghraib. <em>Wissenschaft und Frieden, 22<\/em> (3), 5-6. [<a href=\"http:\/\/www.wissenschaft-und-frieden.de\/seite.php?artikelID=0318\">Artikel<\/a>]<\/p>\n<p>Sommer, G. Dossier 80, Feindbilder und Konflikteskalation. Editorial. Wissenschaft &amp; Frieden, 4\/2015.<\/p>\n<p>Sommer, G. Zur Psychologie von Feindbildern. Dossier 80, Feindbilder und Konflikteskalation. Wissenschaft &amp; Frieden, 4\/2015, 2-8<strong><em>. <\/em><\/strong><\/p>\n<p>Sommer, G., Becker, J. M., Rehbein, K. &amp; Zimmermann, R. (Hrsg.) (1992). <em>Feindbilder im Dienste der Aufr\u00fcstung<\/em> (3., erw. Auflage). Marburg: Arbeitskreis Marburger Wissenschaftler f\u00fcr Friedens- und Abr\u00fcstungsforschung.<\/p>\n<p>Sommer, G., Theobald, K. G. &amp; Liebhart, E. (1985). Des-Informiertheit \u00fcber Atomr\u00fcstung und politische Einstellungen. In \u00d6sterreichisches Institut f\u00fcr Friedensforschung und Friedenserziehung (Hrsg.), <em>Zur Sozialpsychologie von Sicherheitspolitik und Friedensbewegung<\/em> (S. 37-53). Wien: \u00d6sterreichisches Institut f\u00fcr Friedensforschung und Friedenserziehung.<\/p>\n","protected":false},"excerpt":{"rendered":"<p>Frindte, W. &amp; Hau\u00dfecker, N. (Hrsg.) (2010). Inszenierter Terrorismus: Mediale Konstruktionen und individuelle Interpretationen. Wiesbaden: VS Verlag f\u00fcr Sozialwissenschaften. [Buch] Fuchs, A. (1988). Sprache als&hellip;<\/p>\n","protected":false},"author":1,"featured_media":0,"parent":86,"menu_order":0,"comment_status":"closed","ping_status":"closed","template":"","meta":[],"_links":{"self":[{"href":"https:\/\/www.friedenspsychologie.de\/index.php?rest_route=\/wp\/v2\/pages\/401"}],"collection":[{"href":"https:\/\/www.friedenspsychologie.de\/index.php?rest_route=\/wp\/v2\/pages"}],"about":[{"href":"https:\/\/www.friedenspsychologie.de\/index.php?rest_route=\/wp\/v2\/types\/page"}],"author":[{"embeddable":true,"href":"https:\/\/www.friedenspsychologie.de\/index.php?rest_route=\/wp\/v2\/users\/1"}],"replies":[{"embeddable":true,"href":"https:\/\/www.friedenspsychologie.de\/index.php?rest_route=%2Fwp%2Fv2%2Fcomments&post=401"}],"version-history":[{"count":2,"href":"https:\/\/www.friedenspsychologie.de\/index.php?rest_route=\/wp\/v2\/pages\/401\/revisions"}],"predecessor-version":[{"id":519,"href":"https:\/\/www.friedenspsychologie.de\/index.php?rest_route=\/wp\/v2\/pages\/401\/revisions\/519"}],"up":[{"embeddable":true,"href":"https:\/\/www.friedenspsychologie.de\/index.php?rest_route=\/wp\/v2\/pages\/86"}],"wp:attachment":[{"href":"https:\/\/www.friedenspsychologie.de\/index.php?rest_route=%2Fwp%2Fv2%2Fmedia&parent=401"}],"curies":[{"name":"wp","href":"https:\/\/api.w.org\/{rel}","templated":true}]}}