{"id":398,"date":"2017-06-28T14:47:12","date_gmt":"2017-06-28T14:47:12","guid":{"rendered":"http:\/\/www.friedenspsychologie.de\/?page_id=398"},"modified":"2019-07-02T19:46:50","modified_gmt":"2019-07-02T19:46:50","slug":"rechtsextremismus-fremdenfeindlichkeit-antisemitismus-diskriminierung","status":"publish","type":"page","link":"https:\/\/www.friedenspsychologie.de\/?page_id=398","title":{"rendered":"Rechtsextremismus, Fremdenfeindlichkeit, Antisemitismus, Diskriminierung"},"content":{"rendered":"<p>Fuchs, A. (1999). Bundeswehr: Nicht unter \u201eGeneralverdacht\u201c, aber unter kritischem Blick: Was Sozialwissenschaftler am Thema Bundeswehr und Rechtsextremismus im Detail interessieren k\u00f6nnte. <em>Wissenschaft und Frieden, 17<\/em> (1), 52-56. [<a href=\"http:\/\/www.wissenschaft-und-frieden.de\/seite.php?artikelID=1338\">Artikel<\/a>]<\/p>\n<p>Fuchs, A. (2002). Rechtsextreme Orientierung, Gewaltakzeptanz und Gewaltt\u00e4tigkeit bei Sch\u00fclerinnen und Sch\u00fclern an Erfurter Regelschulen. In K. Boehnke, D. Fu\u00df &amp; J. Hagan (Hrsg.), <em>Jugendgewalt und Rechtsextremismus<\/em> (S. 239-256). Weinheim: Juventa.<\/p>\n<p>Pettigrew, T. F., Christ, O., Wagner, U. &amp; Stellmacher, J. (2007). Direct and indirect intergroup contact effects on prejudice: A normative interpretation. <em>International Journal of Intercultural Relations, 31<\/em>, 411-425. [<a href=\"http:\/\/www3.interscience.wiley.com\/journal\/118651342\/abstract\">Zeitschrift<\/a>]<\/p>\n<p>Stellmacher, J. &amp; Petzel, T. (2005). Authoritarianism as a group phenomenon. <em>Political Psychology, 26<\/em>, 245-274. [<a href=\"http:\/\/www3.interscience.wiley.com\/journal\/118651342\/abstract\">Abstract<\/a>]<\/p>\n<p>Stellmacher, J. &amp; Petzel, T. (2005). Das Gruppenautoritarismus-Prozessmodell: Zur Kontextbezogenheit autorit\u00e4ren Verhaltens. <em>Politische Psychologie, 13<\/em>, 169-194. [<a href=\"http:\/\/www.politische-psychologie.de\/Archiv\/abstracts\/Stellmacher_Petzel_Jg13_1+2.html\">Abstract<\/a>]<\/p>\n<p>Wagner, U., Christ, O., Pettigrew, T. F., Stellmacher, J. &amp; Wolf, H. (2006). Prejudice and minority proportion: Contact instead of threat effects. <em>Social Psychology Quarterly, 69<\/em>, 380-390. [<a href=\"http:\/\/www.ingentaconnect.com\/content\/asoca\/spq\/2006\/00000069\/00000004\/art00006\">Abstract<\/a>]<\/p>\n","protected":false},"excerpt":{"rendered":"<p>Fuchs, A. (1999). Bundeswehr: Nicht unter \u201eGeneralverdacht\u201c, aber unter kritischem Blick: Was Sozialwissenschaftler am Thema Bundeswehr und Rechtsextremismus im Detail interessieren k\u00f6nnte. Wissenschaft und Frieden,&hellip;<\/p>\n","protected":false},"author":1,"featured_media":0,"parent":86,"menu_order":0,"comment_status":"closed","ping_status":"closed","template":"","meta":[],"_links":{"self":[{"href":"https:\/\/www.friedenspsychologie.de\/index.php?rest_route=\/wp\/v2\/pages\/398"}],"collection":[{"href":"https:\/\/www.friedenspsychologie.de\/index.php?rest_route=\/wp\/v2\/pages"}],"about":[{"href":"https:\/\/www.friedenspsychologie.de\/index.php?rest_route=\/wp\/v2\/types\/page"}],"author":[{"embeddable":true,"href":"https:\/\/www.friedenspsychologie.de\/index.php?rest_route=\/wp\/v2\/users\/1"}],"replies":[{"embeddable":true,"href":"https:\/\/www.friedenspsychologie.de\/index.php?rest_route=%2Fwp%2Fv2%2Fcomments&post=398"}],"version-history":[{"count":1,"href":"https:\/\/www.friedenspsychologie.de\/index.php?rest_route=\/wp\/v2\/pages\/398\/revisions"}],"predecessor-version":[{"id":399,"href":"https:\/\/www.friedenspsychologie.de\/index.php?rest_route=\/wp\/v2\/pages\/398\/revisions\/399"}],"up":[{"embeddable":true,"href":"https:\/\/www.friedenspsychologie.de\/index.php?rest_route=\/wp\/v2\/pages\/86"}],"wp:attachment":[{"href":"https:\/\/www.friedenspsychologie.de\/index.php?rest_route=%2Fwp%2Fv2%2Fmedia&parent=398"}],"curies":[{"name":"wp","href":"https:\/\/api.w.org\/{rel}","templated":true}]}}