{"id":143,"date":"2017-04-26T10:08:03","date_gmt":"2017-04-26T10:08:03","guid":{"rendered":"http:\/\/www.friedenspsychologie.de\/?page_id=143"},"modified":"2025-03-01T15:31:47","modified_gmt":"2025-03-01T15:31:47","slug":"veranstaltungen-und-tagungen","status":"publish","type":"page","link":"https:\/\/www.friedenspsychologie.de\/?page_id=143","title":{"rendered":"Veranstaltungen und Tagungen"},"content":{"rendered":"<h3>Fachtagungen Friedenspsychologie<\/h3>\n<p>Seit 1988 f\u00fchrt das Forum Friedenspsychologie bzw. anf\u00e4nglich die Friedensinitiative Psychologie-Psychosoziale Berufe j\u00e4hrlich Fachtagungen zur Friedenspsychologie durch:<\/p>\n<p>Anstehend 20.-22. Juni 2025 &#8211; Bremen, &#8220;War again?&#8221; <a href=\"https:\/\/www.friedenspsychologie.de\/wp-content\/uploads\/2025\/02\/Call-for-Papers-2022_Eng-_NK.pdf\">Hier das PDF zum Call for Papers<\/a><\/p>\n<p>2022 &#8211; Marburg, &#8220;Don&#8217;t burn your bridges&#8221;\u00a0<a href=\"https:\/\/wissenschaft-und-frieden.de\/artikel\/dont-burn-your-bridges\/\" target=\"_blank\" rel=\"noopener\">[Tagungsbericht]<\/a><\/p>\n<p>2019 &#8211; Salzburg, &#8220;Flucht, Migration, Fremdenfeindlichkeit und Rassismus&#8221; [<a href=\"https:\/\/wissenschaft-und-frieden.de\/seite.php?artikelID=2408\" target=\"_blank\" rel=\"noopener noreferrer\">Tagungsbericht<\/a>]<\/p>\n<p>2018 &#8211; Heidelberg, &#8220;Frieden Macht Freiheit&#8221; [<a href=\"https:\/\/www.wissenschaft-und-frieden.de\/seite.php?artikelID=2311\" target=\"_blank\" rel=\"noopener noreferrer\">Tagungsbericht<\/a>]<\/p>\n<p>2017 &#8211; Chemnitz, &#8220;No Justice, no Peace? Friedenspsycholo-gische Perspektiven auf soziale Ungleichheit&#8221; [<a href=\"http:\/\/www.wissenschaft-und-frieden.de\/seite.php?artikelID=2233)\" target=\"_blank\" rel=\"noopener noreferrer\">Tagungsbericht<\/a>]<\/p>\n<p><a href=\"http:\/\/www.friedenspsychologie.de\/2016\/08\/23\/impressionen-29-jahrestagung-des-forums-fur-friedenspsychologie-social-and-political-challenges-research-action-policy-in-koblenz-landau\/\">2016 &#8211; Landau<\/a>, \u201eCurrent Social and Political Challenges: Research, Action &amp; Policy\u201c<\/p>\n<p><a href=\"https:\/\/www.uni-marburg.de\/fb04\/team-sozialpsychologie\/tagungfriedenspsychologie.pdf\" target=\"_blank\" rel=\"noopener noreferrer\">2015 \u2013 Marburg<\/a>, \u201eMediation und Konfliktmanagement in sozialen Konflikten\u201c<\/p>\n<p><a href=\"https:\/\/www.uni-jena.de\/Mitteilungen\/Archiv\/Archiv+1_2014\/130324_Friedenstagungsbeitraege.html\" target=\"_blank\" rel=\"noopener noreferrer\">2014 \u2013 Jena<\/a>, \u201eNationalsozialistischer Untergrund, Rechtsextremismus und aktuelle Beitr\u00e4ge der Friedenspsychologie\u201c [<a href=\"http:\/\/www.friedenspsychologie.de\/wp-content\/uploads\/2017\/05\/Tagungsbericht2014.pdf\" target=\"_blank\" rel=\"noopener noreferrer\">Tagungsbericht<\/a>]<\/p>\n<p><a href=\"http:\/\/www.wissenschaft-und-frieden.de\/seite.php?artikelID=1906\" target=\"_blank\" rel=\"noopener noreferrer\">2013 \u2013 Bremen<\/a>, \u201eOpium f\u00fcrs Volk oder Hort sicherer Bindung: Zur Rolle von Religion in internationalen und innergesellschaftlichen Konflikten\u201c [<a href=\"http:\/\/www.friedenspsychologie.de\/wp-content\/uploads\/2017\/05\/Tagungsbericht2013.pdf\" target=\"_blank\" rel=\"noopener noreferrer\">Tagungsbericht<\/a>]<\/p>\n<p><a href=\"http:\/\/www.friedenspsychologie.regener-online.de\/\" target=\"_blank\" rel=\"noopener noreferrer\">2012 \u2013 Konstanz<\/a>, \u201eT\u00e4ter und Opfer kollektiver Gewalt\u201c (\u201ePerpetrators and Victims of Colletive Violence\u201c) [<a href=\"http:\/\/www.wissenschaft-und-frieden.de\/seite.php?artikelID=1847\" target=\"_blank\" rel=\"noopener noreferrer\">Tagungsbericht<\/a>]<\/p>\n<p><a href=\"http:\/\/www.friedenspsychologie.de\/wp-content\/uploads\/2017\/05\/Conference2011.pdf\" target=\"_blank\" rel=\"noopener noreferrer\">2011 \u2013 Marburg<\/a>, \u201eSocial Injustice and Conflict\u201c<\/p>\n<p><a href=\"http:\/\/www.friedenspsychologie.de\/wp-content\/uploads\/2017\/05\/Call2010.pdf\" target=\"_blank\" rel=\"noopener noreferrer\">2010 \u2013 Bielefeld<\/a>, \u201eConflict, Peace &amp; Integration\u201c [<a href=\"http:\/\/www.friedenspsychologie.de\/wp-content\/uploads\/2017\/05\/Conference_PeacePsychology2010.pdf\" target=\"_blank\" rel=\"noopener noreferrer\">Tagungsprogramm<\/a>]<\/p>\n<p><a href=\"http:\/\/www.wissenschaft-und-frieden.de\/seite.php?artikelID=1667\" target=\"_blank\" rel=\"noopener noreferrer\">2009 \u2013 Bremen<\/a>, \u201eAttitude Formation, Value Change, and Intercultural Communication: Peace Psychology Perspectives\u201c [<a href=\"http:\/\/www.friedenspsychologie.de\/wp-content\/uploads\/2017\/05\/Tagungsbericht2009.pdf\" target=\"_blank\" rel=\"noopener noreferrer\">Tagungsbericht<\/a>]<\/p>\n<p><a href=\"http:\/\/www.uni-marburg.de\/fb04\/team-sozialpsychologie\/aktuelles\/events\/tagung-friedenspsychologie\" target=\"_blank\" rel=\"noopener noreferrer\">2008 \u2013 Marburg<\/a>, \u201eGruppenbasierte Aggression und Gewalt\u201c [<a href=\"http:\/\/www.friedenspsychologie.de\/wp-content\/uploads\/2017\/05\/Bericht-FFP-Tagung-2008.pdf\" target=\"_blank\" rel=\"noopener noreferrer\">Tagungsbericht<\/a>]<\/p>\n<p><a href=\"http:\/\/www.friedenspsychologie.regener-online.de\/\" target=\"_blank\" rel=\"noopener noreferrer\">2007 \u2013 Konstanz<\/a>, \u201eKonflikt, Kommunikation und Intergruppenbeziehungen\u201c [<a href=\"http:\/\/www.dgvt.de\/1477.html?&amp;no_cache=1&amp;tx_ttnews[swords]=frieden&amp;tx_ttnews[cat]=5&amp;tx_ttnews[year]=2007&amp;tx_ttnews[month]=08&amp;tx_ttnews[day]=10&amp;tx_ttnews[tt_news]=1573&amp;tx_ttnews[backPid]=1477\" target=\"_blank\" rel=\"noopener noreferrer\">Tagungsbericht<\/a>]<\/p>\n<p><a href=\"http:\/\/www.bundesstiftung-friedensforschung.de\/index.php\/kooperationen\/17-details-foerderprofil\/85-frindte\" target=\"_blank\" rel=\"noopener noreferrer\">2006 \u2013 Jena<\/a>, \u201ePsychologische Analysen und Interventionsans\u00e4tze im Kontext von makro-sozialen Bedrohungen, Terrorgefahren und Intergruppenkonflikten\u201c<\/p>\n<p>2005 \u2013 Erlangen, \u201ePsychological contributions to peace and justice: Current challenges\u201c [<a href=\"http:\/\/www.dgvt.de\/1477.html?&amp;no_cache=1&amp;tx_ttnews[swords]=friedenspsychologie&amp;tx_ttnews[cat]=5&amp;tx_ttnews[year]=2007&amp;tx_ttnews[month]=02&amp;tx_ttnews[day]=01&amp;tx_ttnews[tt_news]=661&amp;tx_ttnews[backPid]=1477\" target=\"_blank\" rel=\"noopener noreferrer\">Tagungsbericht<\/a>]<\/p>\n<p>2004 \u2013 Marburg, \u201eKonflikte zwischen Gruppen und Perspektiven f\u00fcr nachhaltige L\u00f6sungen\u201c [<a href=\"http:\/\/www.dgvt.de\/1477.html?&amp;no_cache=1&amp;tx_ttnews[swords]=frieden&amp;tx_ttnews[cat]=5&amp;tx_ttnews[pointer]=1&amp;tx_ttnews[year]=2007&amp;tx_ttnews[month]=02&amp;tx_ttnews[day]=01&amp;tx_ttnews[tt_news]=650&amp;tx_ttnews[backPid]=1477\" target=\"_blank\" rel=\"noopener noreferrer\">Tagungsbericht<\/a>]<\/p>\n<p>2003 \u2013 Bremen, \u201ePeace Psychology in a non-peaceful world\u201c<\/p>\n<p>2002 \u2013 Marburg, \u201eHandbuch Friedenspsychologie II\u201c<\/p>\n<p>2001 \u2013 Konstanz, \u201eHandbuch Friedenspsychologie I\u201c<\/p>\n<p>2000 \u2013 Rostock, \u201eDeutschland: (un-)bew\u00e4ltigte Vergangenheiten\u201c<\/p>\n<p>1999 \u2013 Chemnitz, \u201eRechtsextremismus, Fremdenfeindlichkeit, Jugendgewalt: Neue Brennpunkte der Friedenspsychologie\u201c<\/p>\n<p>1998 \u2013 Marburg, \u201eMenschenrechte und Frieden\u201c<\/p>\n<p>1997 \u2013 Konstanz, \u201eWar, nationalism, racism, and the media\u201c<\/p>\n<p>1996 \u2013 Jena, \u201eDeutsch-deutsche Sprachspiele und ihre Beobachter\u201c<\/p>\n<p>1995 \u2013 Marburg, \u201eVorurteile \u2013 interkulturelle und ethnische Konflikte\u201c<\/p>\n<p>1994 \u2013 Konstanz, \u201eRechtsradikalismus, Fremdenhass, Friedenspsychologie in der akademischen Lehre\u201c<\/p>\n<p>1993 \u2013 Berlin, \u201eInnerer Frieden \u2013 \u00e4u\u00dferer Frieden: Ein altes, neues Thema der Psychologie?\u201c<\/p>\n<p>1992 \u2013 Jena, \u201eGewaltfreie Konfliktl\u00f6sungen \u2013 psychologische Beitr\u00e4ge\u201c<\/p>\n<p>1991 \u2013 Berlin, \u201eFriedenspsychologie\u201c<\/p>\n<p>1990 \u2013 Konstanz, \u201eKriegsf\u00fchrung \u2019niedriger Intensit\u00e4t\u2018 und Menschenrechte in Zentralamerika\u201c<\/p>\n<p>1989 \u2013 Marburg, \u201ePsychologische Friedensforschung\u201c<\/p>\n<p>1988 \u2013 Marburg, \u201ePerspektiven psychologischer Friedensforschung\u201c<\/p>\n<h3>Friedenskongresse<\/h3>\n<p>Die Friedensinitiative Psychologie-Psychosoziale Berufe hat in Dortmund (1983, 1984 und 1987) und M\u00fcnster (1985) vier gro\u00dfe Friedenskongresse mit bis zu 1300 Teilnehmer\/innen durchgef\u00fchrt.<\/p>\n<p>Zu einigen dieser Tagungen und Kongresse wurden <a href=\"http:\/\/www.friedenspsychologie.de\/?page_id=58\">Tagungsb\u00e4nde<\/a> publiziert.<\/p>\n","protected":false},"excerpt":{"rendered":"<p>Fachtagungen Friedenspsychologie Seit 1988 f\u00fchrt das Forum Friedenspsychologie bzw. anf\u00e4nglich die Friedensinitiative Psychologie-Psychosoziale Berufe j\u00e4hrlich Fachtagungen zur Friedenspsychologie durch: Anstehend 20.-22. Juni 2025 &#8211; Bremen,&hellip;<\/p>\n","protected":false},"author":1,"featured_media":0,"parent":57,"menu_order":3,"comment_status":"closed","ping_status":"closed","template":"","meta":[],"_links":{"self":[{"href":"https:\/\/www.friedenspsychologie.de\/index.php?rest_route=\/wp\/v2\/pages\/143"}],"collection":[{"href":"https:\/\/www.friedenspsychologie.de\/index.php?rest_route=\/wp\/v2\/pages"}],"about":[{"href":"https:\/\/www.friedenspsychologie.de\/index.php?rest_route=\/wp\/v2\/types\/page"}],"author":[{"embeddable":true,"href":"https:\/\/www.friedenspsychologie.de\/index.php?rest_route=\/wp\/v2\/users\/1"}],"replies":[{"embeddable":true,"href":"https:\/\/www.friedenspsychologie.de\/index.php?rest_route=%2Fwp%2Fv2%2Fcomments&post=143"}],"version-history":[{"count":9,"href":"https:\/\/www.friedenspsychologie.de\/index.php?rest_route=\/wp\/v2\/pages\/143\/revisions"}],"predecessor-version":[{"id":1516,"href":"https:\/\/www.friedenspsychologie.de\/index.php?rest_route=\/wp\/v2\/pages\/143\/revisions\/1516"}],"up":[{"embeddable":true,"href":"https:\/\/www.friedenspsychologie.de\/index.php?rest_route=\/wp\/v2\/pages\/57"}],"wp:attachment":[{"href":"https:\/\/www.friedenspsychologie.de\/index.php?rest_route=%2Fwp%2Fv2%2Fmedia&parent=143"}],"curies":[{"name":"wp","href":"https:\/\/api.w.org\/{rel}","templated":true}]}}