{"id":1003,"date":"2020-10-30T15:29:06","date_gmt":"2020-10-30T15:29:06","guid":{"rendered":"https:\/\/www.friedenspsychologie.de\/?page_id=1003"},"modified":"2024-11-15T16:13:27","modified_gmt":"2024-11-15T16:13:27","slug":"small-grants-zur-forderung-friedenspsychologischer-projekte","status":"publish","type":"page","link":"https:\/\/www.friedenspsychologie.de\/?page_id=1003","title":{"rendered":"Small Grants zur F\u00f6rderung friedenspsychologischer Projekte"},"content":{"rendered":"\r\n<div class=\"wp-block-image\">\r\n<figure class=\"alignleft size-large is-resized\"><img loading=\"lazy\" class=\"wp-image-1005\" src=\"https:\/\/www.friedenspsychologie.de\/wp-content\/uploads\/2020\/10\/grants-1024x683.jpg\" alt=\"\" width=\"217\" height=\"144\" srcset=\"https:\/\/www.friedenspsychologie.de\/wp-content\/uploads\/2020\/10\/grants-1024x683.jpg 1024w, https:\/\/www.friedenspsychologie.de\/wp-content\/uploads\/2020\/10\/grants-300x200.jpg 300w, https:\/\/www.friedenspsychologie.de\/wp-content\/uploads\/2020\/10\/grants-768x512.jpg 768w, https:\/\/www.friedenspsychologie.de\/wp-content\/uploads\/2020\/10\/grants.jpg 1200w\" sizes=\"(max-width: 217px) 100vw, 217px\" \/><\/figure>\r\n<\/div>\r\n\r\n\r\n\r\n<p>Das Forum Friedenspsychologie f\u00f6rdert j\u00e4hrlich die Durchf\u00fchrung friedenspsychologischer Projekte (z. B. studentische Forschungsarbeiten, Workshops, \u00f6ffentliche Diskussionsveranstaltungen). Es stehen f\u00fcr diesem Zweck j\u00e4hrlich Gelder zwischen 500 \u20ac und 1000 \u20ac zur Verf\u00fcgung, die an ein oder mehrere Projekte vergeben werden k\u00f6nnen.<\/p>\r\n\r\n\r\n\r\n<p>Voraussetzungen:<\/p>\r\n\r\n\r\n\r\n<ul>\r\n<li>Mitgliedschaft im Forum Friedenspsychologie (kann bei der Bewerbung beantragt werden)<\/li>\r\n<li>Zusenden des ausgef\u00fcllten Bewerbungsformulars, das hier als <a href=\"https:\/\/www.friedenspsychologie.de\/wp-content\/uploads\/2020\/07\/SmallGrantBewerbung_FFP.pdf\" target=\"_blank\" rel=\"noreferrer noopener\">PDF-Formular<\/a> oder im <a href=\"https:\/\/www.friedenspsychologie.de\/wp-content\/uploads\/2020\/07\/SmallGrantBewerbung_FFP.docx\" target=\"_blank\" rel=\"noreferrer noopener\">.docx-Format<\/a> zu finden ist.<\/li>\r\n<li>Das Projekt muss 6 Monate nach Erhalt der F\u00f6rderzusage durchgef\u00fchrt und abgerechnet werden.<\/li>\r\n<li>Im Falle einer F\u00f6rderung soll ein kurzer Bericht (mit Foto) f\u00fcr die Homepage verfasst werden (ca. 500 W\u00f6rter) \u2013 ein Beitrag mit den Ergebnissen des Projekts auf der n\u00e4chsten Jahrestagung des FFP ist erw\u00fcnscht.<\/li>\r\n<\/ul>\r\n\r\n\r\n\r\n\r\n\r\n<p>Eine wiederholte Bewerbung nach negativem Bescheid ist zur n\u00e4chsten Ausschreibung m\u00f6glich. Bei einer positiven Zusage ist eine Wiederbewerbung nach 2 Jahren m\u00f6glich.<\/p>\r\n<p>Aktuell nehmen wir Bewerbungen f\u00fcr das Jahr 2025 entgegen. Wir freuen uns, ein oder mehrere Projekte mit insgesamt 750 \u20ac f\u00f6rdern zu k\u00f6nnen und sind gespannt auf zahlreiche Einsendungen bis zum 22. Dezember 2024. Richten Sie die Unterlagen an Dr. Nadine Knab, friedenspsychologie[at]gmail.com.<\/p>\r\n","protected":false},"excerpt":{"rendered":"<p>Das Forum Friedenspsychologie f\u00f6rdert j\u00e4hrlich die Durchf\u00fchrung friedenspsychologischer Projekte (z. B. studentische Forschungsarbeiten, Workshops, \u00f6ffentliche Diskussionsveranstaltungen). Es stehen f\u00fcr diesem Zweck j\u00e4hrlich Gelder zwischen 500&hellip;<\/p>\n","protected":false},"author":5,"featured_media":0,"parent":0,"menu_order":0,"comment_status":"closed","ping_status":"closed","template":"","meta":[],"_links":{"self":[{"href":"https:\/\/www.friedenspsychologie.de\/index.php?rest_route=\/wp\/v2\/pages\/1003"}],"collection":[{"href":"https:\/\/www.friedenspsychologie.de\/index.php?rest_route=\/wp\/v2\/pages"}],"about":[{"href":"https:\/\/www.friedenspsychologie.de\/index.php?rest_route=\/wp\/v2\/types\/page"}],"author":[{"embeddable":true,"href":"https:\/\/www.friedenspsychologie.de\/index.php?rest_route=\/wp\/v2\/users\/5"}],"replies":[{"embeddable":true,"href":"https:\/\/www.friedenspsychologie.de\/index.php?rest_route=%2Fwp%2Fv2%2Fcomments&post=1003"}],"version-history":[{"count":6,"href":"https:\/\/www.friedenspsychologie.de\/index.php?rest_route=\/wp\/v2\/pages\/1003\/revisions"}],"predecessor-version":[{"id":1449,"href":"https:\/\/www.friedenspsychologie.de\/index.php?rest_route=\/wp\/v2\/pages\/1003\/revisions\/1449"}],"wp:attachment":[{"href":"https:\/\/www.friedenspsychologie.de\/index.php?rest_route=%2Fwp%2Fv2%2Fmedia&parent=1003"}],"curies":[{"name":"wp","href":"https:\/\/api.w.org\/{rel}","templated":true}]}}